{"id":19355,"date":"2021-08-28T09:10:06","date_gmt":"2021-08-28T13:10:06","guid":{"rendered":"https:\/\/recyborg.com\/remboursements_retours\/"},"modified":"2026-05-10T20:33:39","modified_gmt":"2026-05-11T00:33:39","slug":"politique-de-retour-et-de-remboursement","status":"publish","type":"page","link":"https:\/\/recyborg.com\/fr\/return-and-refund-policy\/","title":{"rendered":"Politique de retour et de remboursement"},"content":{"rendered":"<h2 class=\"wp-block-heading\"><strong>Articles achet\u00e9s en magasin<\/strong><\/h2>\n\n\n\n<p>Les articles retourn\u00e9s avec un re\u00e7u dans les 30 jours suivant la date d'achat sont \u00e9ligibles \u00e0 un remboursement. Le remboursement sera effectu\u00e9 selon le mode de paiement d'origine.<\/p>\n\n\n\n<h2 class=\"wp-block-heading\"><strong>Articles non d\u00e9fectueux achet\u00e9s en magasin<\/strong><\/h2>\n\n\n\n<p>Les articles endommag\u00e9s ou qui ne sont pas en \u00e9tat d'\u00eatre revendus ne pourront pas \u00eatre rembours\u00e9s ou \u00e9chang\u00e9s.<\/p>\n\n\n\n<h2 class=\"wp-block-heading\"><strong>Articles non d\u00e9fectueux achet\u00e9s en ligne<\/strong><\/h2>\n\n\n\n<p>Les articles achet\u00e9s en ligne peuvent \u00eatre retourn\u00e9s dans les 30 jours suivant la date d'achat.<\/p>\n\n\n\n<p>1- Veuillez nous contacter pour une autorisation de retour \u00e0 <span \n                data-original-string='M+CNYoIbQbeHsmqGNLsrbQ==334lTZTF6vrIwkWdgbcafmMuwGSfbkQR6mSWgDCj\/gpaj8='\n                class='apbct-email-encoder'\n                title='This contact has been encoded by Anti-Spam by CleanTalk. Click to decode. To finish the decoding make sure that JavaScript is enabled in your browser.'>dans<span class=\"apbct-blur\">**<\/span>@<span class=\"apbct-blur\">******<\/span>rg.com<\/span>;<\/p>\n\n\n\n<p>2- Vous devez retourner l'article \u00e0 vos frais ou l'apporter directement \u00e0 notre magasin \u00e0 l'adresse suivante : RECYBORG, 3811 Sainte-Catherine Est, Montr\u00e9al, H1W2G3, Canada ;<\/p>\n\n\n\n<p>3- Une fois l'article re\u00e7u et inspect\u00e9, nous \u00e9mettrons un remboursement sur le mode de paiement d'origine dans les 7 jours suivant la r\u00e9ception. Les frais de port ne sont pas remboursables (sauf en cas d'erreur d'exp\u00e9dition de notre part).<\/p>\n\n\n\n<p>Si RECYBORG n'a pas livr\u00e9 le produit correct que vous avez command\u00e9, nous corrigerons la situation gratuitement.<\/p>\n\n\n\n<h2 class=\"wp-block-heading\"><strong>Articles d\u00e9fectueux achet\u00e9s en ligne<\/strong><\/h2>\n\n\n\n<p>Veuillez nous contacter \u00e0 <span \n                data-original-string='Pab9UILg70H68b6LZWMnmg==334iACILdgvomCbQp2Z0ncdDm01DfQabwgavcDnm77lqIg='\n                class='apbct-email-encoder'\n                title='This contact has been encoded by Anti-Spam by CleanTalk. Click to decode. To finish the decoding make sure that JavaScript is enabled in your browser.'>dans<span class=\"apbct-blur\">**<\/span>@<span class=\"apbct-blur\">******<\/span>rg.com<\/span> pour obtenir une autorisation de retour;<\/p>\n\n\n\n<p>Les frais de retour sont \u00e0 votre charge. Ces frais seront rembours\u00e9s apr\u00e8s confirmation du d\u00e9faut du produit par un membre de notre \u00e9quipe.;<\/p>\n\n\n\n<p>D\u00e8s r\u00e9ception du produit d\u00e9fectueux, un membre de l'\u00e9quipe RECYBORG vous contactera dans les plus brefs d\u00e9lais.<\/p>\n\n\n\n<p><\/p>\n\n\n\n<h2 class=\"wp-block-heading\"><strong>Conditions pour les commandes \u00e0 retirer en magasin<\/strong><\/h2>\n\n\n\n<p>Les clients qui choisissent le retrait en magasin dans l'un de nos deux emplacements ont 30 jours maximum pour r\u00e9cup\u00e9rer leur(s) article(s).<\/p>\n\n\n\n<p>Pass\u00e9 ce d\u00e9lai, Recyborg se r\u00e9serve le droit de rembourser 50% du montant vers\u00e9 via le mode de paiement initial et de r\u00e9int\u00e9grer le ou les articles en stock.<\/p>","protected":false},"excerpt":{"rendered":"<p>Items purchased in store Items returned with a receipt within 30 days of the purchase date are eligible for a refund. The refund will be issued to the original payment method. Non-defective items purchased in store Items that are damaged or not in a condition to be resold will not be eligible for a refund [&hellip;]<\/p>\n","protected":false},"author":1,"featured_media":0,"parent":0,"menu_order":0,"comment_status":"closed","ping_status":"closed","template":"","meta":{"_acf_changed":false,"iawp_total_views":203,"footnotes":""},"class_list":["post-19355","page","type-page","status-publish","hentry"],"acf":[],"yoast_head":"<!-- This site is optimized with the Yoast SEO plugin v27.5 - https:\/\/yoast.com\/product\/yoast-seo-wordpress\/ -->\n<title>Our return and refund policy - COOP Recyborg<\/title>\n<meta name=\"description\" content=\"Our return and refund policy allows you to easily return items purchased online or in stores.\" \/>\n<meta name=\"robots\" content=\"index, follow, max-snippet:-1, max-image-preview:large, max-video-preview:-1\" \/>\n<link rel=\"canonical\" href=\"https:\/\/recyborg.com\/fr\/politique-de-retour-et-de-remboursement\/\" \/>\n<meta property=\"og:locale\" content=\"fr_CA\" \/>\n<meta property=\"og:type\" content=\"article\" \/>\n<meta property=\"og:title\" content=\"Our return and refund policy - COOP Recyborg\" \/>\n<meta property=\"og:description\" content=\"Our return and refund policy allows you to easily return items purchased online or in stores.\" \/>\n<meta property=\"og:url\" content=\"https:\/\/recyborg.com\/fr\/politique-de-retour-et-de-remboursement\/\" \/>\n<meta property=\"og:site_name\" content=\"RECYBORG\" \/>\n<meta property=\"article:publisher\" content=\"https:\/\/www.facebook.com\/people\/Recyborg\/100057282436718\/\" \/>\n<meta property=\"article:modified_time\" content=\"2026-05-11T00:33:39+00:00\" \/>\n<meta name=\"twitter:card\" content=\"summary_large_image\" \/>\n<script type=\"application\/ld+json\" class=\"yoast-schema-graph\">{\"@context\":\"https:\\\/\\\/schema.org\",\"@graph\":[{\"@type\":\"WebPage\",\"@id\":\"https:\\\/\\\/recyborg.com\\\/return-and-refund-policy\\\/\",\"url\":\"https:\\\/\\\/recyborg.com\\\/return-and-refund-policy\\\/\",\"name\":\"Our return and refund policy - COOP Recyborg\",\"isPartOf\":{\"@id\":\"https:\\\/\\\/recyborg.com\\\/#website\"},\"datePublished\":\"2021-08-28T13:10:06+00:00\",\"dateModified\":\"2026-05-11T00:33:39+00:00\",\"description\":\"Our return and refund policy allows you to easily return items purchased online or in stores.\",\"breadcrumb\":{\"@id\":\"https:\\\/\\\/recyborg.com\\\/return-and-refund-policy\\\/#breadcrumb\"},\"inLanguage\":\"fr-CA\",\"potentialAction\":[{\"@type\":\"ReadAction\",\"target\":[\"https:\\\/\\\/recyborg.com\\\/return-and-refund-policy\\\/\"]}]},{\"@type\":\"BreadcrumbList\",\"@id\":\"https:\\\/\\\/recyborg.com\\\/return-and-refund-policy\\\/#breadcrumb\",\"itemListElement\":[{\"@type\":\"ListItem\",\"position\":1,\"name\":\"Home\",\"item\":\"https:\\\/\\\/recyborg.com\\\/\"},{\"@type\":\"ListItem\",\"position\":2,\"name\":\"Return and refund policy\"}]},{\"@type\":\"WebSite\",\"@id\":\"https:\\\/\\\/recyborg.com\\\/#website\",\"url\":\"https:\\\/\\\/recyborg.com\\\/\",\"name\":\"RECYBORG\",\"description\":\"Ressourcerie et point de recyclage \u00e0 Montr\u00e9al\",\"publisher\":{\"@id\":\"https:\\\/\\\/recyborg.com\\\/#organization\"},\"potentialAction\":[{\"@type\":\"SearchAction\",\"target\":{\"@type\":\"EntryPoint\",\"urlTemplate\":\"https:\\\/\\\/recyborg.com\\\/?s={search_term_string}\"},\"query-input\":{\"@type\":\"PropertyValueSpecification\",\"valueRequired\":true,\"valueName\":\"search_term_string\"}}],\"inLanguage\":\"fr-CA\"},{\"@type\":\"Organization\",\"@id\":\"https:\\\/\\\/recyborg.com\\\/#organization\",\"name\":\"Coop Recyborg\",\"url\":\"https:\\\/\\\/recyborg.com\\\/\",\"logo\":{\"@type\":\"ImageObject\",\"inLanguage\":\"fr-CA\",\"@id\":\"https:\\\/\\\/recyborg.com\\\/#\\\/schema\\\/logo\\\/image\\\/\",\"url\":\"https:\\\/\\\/recyborg-www.nyc3.digitaloceanspaces.com\\\/wp-content\\\/uploads\\\/2025\\\/08\\\/28161503\\\/Screenshot-from-2025-08-28-16-14-23.png\",\"contentUrl\":\"https:\\\/\\\/recyborg-www.nyc3.digitaloceanspaces.com\\\/wp-content\\\/uploads\\\/2025\\\/08\\\/28161503\\\/Screenshot-from-2025-08-28-16-14-23.png\",\"width\":255,\"height\":41,\"caption\":\"Coop Recyborg\"},\"image\":{\"@id\":\"https:\\\/\\\/recyborg.com\\\/#\\\/schema\\\/logo\\\/image\\\/\"},\"sameAs\":[\"https:\\\/\\\/www.facebook.com\\\/people\\\/Recyborg\\\/100057282436718\\\/\"]}]}<\/script>\n<!-- \/ Yoast SEO plugin. -->","yoast_head_json":{"title":"Notre politique de retour et de remboursement - COOP Recyborg","description":"Notre politique de retour et de remboursement vous permet de retourner facilement les articles achet\u00e9s en ligne ou en magasin.","robots":{"index":"index","follow":"follow","max-snippet":"max-snippet:-1","max-image-preview":"max-image-preview:large","max-video-preview":"max-video-preview:-1"},"canonical":"https:\/\/recyborg.com\/fr\/politique-de-retour-et-de-remboursement\/","og_locale":"fr_CA","og_type":"article","og_title":"Our return and refund policy - COOP Recyborg","og_description":"Our return and refund policy allows you to easily return items purchased online or in stores.","og_url":"https:\/\/recyborg.com\/fr\/politique-de-retour-et-de-remboursement\/","og_site_name":"RECYBORG","article_publisher":"https:\/\/www.facebook.com\/people\/Recyborg\/100057282436718\/","article_modified_time":"2026-05-11T00:33:39+00:00","twitter_card":"summary_large_image","schema":{"@context":"https:\/\/schema.org","@graph":[{"@type":"WebPage","@id":"https:\/\/recyborg.com\/return-and-refund-policy\/","url":"https:\/\/recyborg.com\/return-and-refund-policy\/","name":"Notre politique de retour et de remboursement - COOP Recyborg","isPartOf":{"@id":"https:\/\/recyborg.com\/#website"},"datePublished":"2021-08-28T13:10:06+00:00","dateModified":"2026-05-11T00:33:39+00:00","description":"Notre politique de retour et de remboursement vous permet de retourner facilement les articles achet\u00e9s en ligne ou en magasin.","breadcrumb":{"@id":"https:\/\/recyborg.com\/return-and-refund-policy\/#breadcrumb"},"inLanguage":"fr-CA","potentialAction":[{"@type":"ReadAction","target":["https:\/\/recyborg.com\/return-and-refund-policy\/"]}]},{"@type":"BreadcrumbList","@id":"https:\/\/recyborg.com\/return-and-refund-policy\/#breadcrumb","itemListElement":[{"@type":"ListItem","position":1,"name":"Home","item":"https:\/\/recyborg.com\/"},{"@type":"ListItem","position":2,"name":"Return and refund policy"}]},{"@type":"WebSite","@id":"https:\/\/recyborg.com\/#website","url":"https:\/\/recyborg.com\/","name":"RECYBORG","description":"Ressourcerie et point de recyclage \u00e0 Montr\u00e9al","publisher":{"@id":"https:\/\/recyborg.com\/#organization"},"potentialAction":[{"@type":"SearchAction","target":{"@type":"EntryPoint","urlTemplate":"https:\/\/recyborg.com\/?s={search_term_string}"},"query-input":{"@type":"PropertyValueSpecification","valueRequired":true,"valueName":"search_term_string"}}],"inLanguage":"fr-CA"},{"@type":"Organization","@id":"https:\/\/recyborg.com\/#organization","name":"Coop Recyborg","url":"https:\/\/recyborg.com\/","logo":{"@type":"ImageObject","inLanguage":"fr-CA","@id":"https:\/\/recyborg.com\/#\/schema\/logo\/image\/","url":"https:\/\/recyborg-www.nyc3.digitaloceanspaces.com\/wp-content\/uploads\/2025\/08\/28161503\/Screenshot-from-2025-08-28-16-14-23.png","contentUrl":"https:\/\/recyborg-www.nyc3.digitaloceanspaces.com\/wp-content\/uploads\/2025\/08\/28161503\/Screenshot-from-2025-08-28-16-14-23.png","width":255,"height":41,"caption":"Coop Recyborg"},"image":{"@id":"https:\/\/recyborg.com\/#\/schema\/logo\/image\/"},"sameAs":["https:\/\/www.facebook.com\/people\/Recyborg\/100057282436718\/"]}]}},"_links":{"self":[{"href":"https:\/\/recyborg.com\/fr\/wp-json\/wp\/v2\/pages\/19355","targetHints":{"allow":["GET"]}}],"collection":[{"href":"https:\/\/recyborg.com\/fr\/wp-json\/wp\/v2\/pages"}],"about":[{"href":"https:\/\/recyborg.com\/fr\/wp-json\/wp\/v2\/types\/page"}],"author":[{"embeddable":true,"href":"https:\/\/recyborg.com\/fr\/wp-json\/wp\/v2\/users\/1"}],"replies":[{"embeddable":true,"href":"https:\/\/recyborg.com\/fr\/wp-json\/wp\/v2\/comments?post=19355"}],"version-history":[{"count":0,"href":"https:\/\/recyborg.com\/fr\/wp-json\/wp\/v2\/pages\/19355\/revisions"}],"wp:attachment":[{"href":"https:\/\/recyborg.com\/fr\/wp-json\/wp\/v2\/media?parent=19355"}],"curies":[{"name":"wp","href":"https:\/\/api.w.org\/{rel}","templated":true}]}}