{"id":236751,"date":"2026-03-05T17:29:37","date_gmt":"2026-03-05T22:29:37","guid":{"rendered":"https:\/\/recyborg.com\/?page_id=236751"},"modified":"2026-05-10T19:04:02","modified_gmt":"2026-05-10T23:04:02","slug":"atelier-soudure-travaux","status":"publish","type":"page","link":"https:\/\/recyborg.com\/fr\/workshop-welding-work\/","title":{"rendered":"Travaux de soudure en atelier"},"content":{"rendered":"<div data-elementor-type=\"wp-page\" data-elementor-id=\"236751\" class=\"elementor elementor-236751\">\n\t\t\t\t<div class=\"elementor-element elementor-element-791ae9b e-flex e-con-boxed e-con e-parent\" data-id=\"791ae9b\" data-element_type=\"container\" data-e-type=\"container\">\n\t\t\t\t\t<div class=\"e-con-inner\">\n\t\t<div class=\"elementor-element elementor-element-d58c680 e-grid e-con-full e-con e-child\" data-id=\"d58c680\" data-element_type=\"container\" data-e-type=\"container\">\n\t\t\t\t<div class=\"elementor-element elementor-element-ab971db elementor-arrows-position-inside elementor-pagination-position-outside elementor-widget elementor-widget-image-carousel\" data-id=\"ab971db\" data-element_type=\"widget\" data-e-type=\"widget\" data-settings=\"{&quot;slides_to_show&quot;:&quot;1&quot;,&quot;autoplay_speed&quot;:2000,&quot;navigation&quot;:&quot;both&quot;,&quot;autoplay&quot;:&quot;yes&quot;,&quot;pause_on_hover&quot;:&quot;yes&quot;,&quot;pause_on_interaction&quot;:&quot;yes&quot;,&quot;infinite&quot;:&quot;yes&quot;,&quot;effect&quot;:&quot;slide&quot;,&quot;speed&quot;:500}\" data-widget_type=\"image-carousel.default\">\n\t\t\t\t\t\t\t<div class=\"elementor-image-carousel-wrapper swiper\" role=\"region\" aria-roledescription=\"carousel\" aria-label=\"Galerie d&#039;images\" dir=\"ltr\">\n\t\t\t<div class=\"elementor-image-carousel swiper-wrapper\" aria-live=\"off\">\n\t\t\t\t\t\t\t\t<div class=\"swiper-slide\" role=\"group\" aria-roledescription=\"slide\" aria-label=\"1 de 7\" data-no-translation-aria-label=\"\"><figure class=\"swiper-slide-inner\"><img decoding=\"async\" class=\"swiper-slide-image\" src=\"https:\/\/recyborg-www.nyc3.digitaloceanspaces.com\/wp-content\/uploads\/2026\/03\/05161358\/soudure03.webp\" alt=\"texte alternatif\" \/><\/figure><\/div><div class=\"swiper-slide\" role=\"group\" aria-roledescription=\"slide\" aria-label=\"2 de 7\" data-no-translation-aria-label=\"\"><figure class=\"swiper-slide-inner\"><img decoding=\"async\" class=\"swiper-slide-image\" src=\"https:\/\/recyborg-www.nyc3.digitaloceanspaces.com\/wp-content\/uploads\/2026\/03\/05161346\/soudure01.webp\" alt=\"soudure01\" \/><\/figure><\/div><div class=\"swiper-slide\" role=\"group\" aria-roledescription=\"slide\" aria-label=\"3 de 7\" data-no-translation-aria-label=\"\"><figure class=\"swiper-slide-inner\"><img decoding=\"async\" class=\"swiper-slide-image\" src=\"https:\/\/recyborg-www.nyc3.digitaloceanspaces.com\/wp-content\/uploads\/2026\/03\/05172803\/soudure04.webp\" alt=\"soudure04\" \/><\/figure><\/div><div class=\"swiper-slide\" role=\"group\" aria-roledescription=\"slide\" aria-label=\"4 de 7\" data-no-translation-aria-label=\"\"><figure class=\"swiper-slide-inner\"><img decoding=\"async\" class=\"swiper-slide-image\" src=\"https:\/\/recyborg-www.nyc3.digitaloceanspaces.com\/wp-content\/uploads\/2026\/03\/05161355\/soudure02.webp\" alt=\"soudure02\" \/><\/figure><\/div><div class=\"swiper-slide\" role=\"group\" aria-roledescription=\"slide\" aria-label=\"5 de 7\" data-no-translation-aria-label=\"\"><figure class=\"swiper-slide-inner\"><img decoding=\"async\" class=\"swiper-slide-image\" src=\"https:\/\/recyborg-www.nyc3.digitaloceanspaces.com\/wp-content\/uploads\/2026\/03\/05172807\/soudure05.webp\" alt=\"soudure05\" \/><\/figure><\/div><div class=\"swiper-slide\" role=\"group\" aria-roledescription=\"slide\" aria-label=\"6 de 7\" data-no-translation-aria-label=\"\"><figure class=\"swiper-slide-inner\"><img decoding=\"async\" class=\"swiper-slide-image\" src=\"https:\/\/recyborg-www.nyc3.digitaloceanspaces.com\/wp-content\/uploads\/2026\/03\/05172810\/soudure06.webp\" alt=\"soudure06\" \/><\/figure><\/div><div class=\"swiper-slide\" role=\"group\" aria-roledescription=\"slide\" aria-label=\"7 de 7\" data-no-translation-aria-label=\"\"><figure class=\"swiper-slide-inner\"><img decoding=\"async\" class=\"swiper-slide-image\" src=\"https:\/\/recyborg-www.nyc3.digitaloceanspaces.com\/wp-content\/uploads\/2026\/03\/05173621\/soudure07.webp\" alt=\"soudure07\" \/><\/figure><\/div>\t\t\t<\/div>\n\t\t\t\t\t\t\t\t\t\t\t\t<div class=\"elementor-swiper-button elementor-swiper-button-prev\" role=\"button\" tabindex=\"0\">\n\t\t\t\t\t\t<svg aria-hidden=\"true\" class=\"e-font-icon-svg e-eicon-chevron-left\" viewbox=\"0 0 1000 1000\" xmlns=\"http:\/\/www.w3.org\/2000\/svg\"><path d=\"M646 125C629 125 613 133 604 142L308 442C296 454 292 471 292 487 292 504 296 521 308 533L604 854C617 867 629 875 646 875 663 875 679 871 692 858 704 846 713 829 713 812 713 796 708 779 692 767L438 487 692 225C700 217 708 204 708 187 708 171 704 154 692 142 675 129 663 125 646 125Z\"><\/path><\/svg>\t\t\t\t\t<\/div>\n\t\t\t\t\t<div class=\"elementor-swiper-button elementor-swiper-button-next\" role=\"button\" tabindex=\"0\">\n\t\t\t\t\t\t<svg aria-hidden=\"true\" class=\"e-font-icon-svg e-eicon-chevron-right\" viewbox=\"0 0 1000 1000\" xmlns=\"http:\/\/www.w3.org\/2000\/svg\"><path d=\"M696 533C708 521 713 504 713 487 713 471 708 454 696 446L400 146C388 133 375 125 354 125 338 125 325 129 313 142 300 154 292 171 292 187 292 204 296 221 308 233L563 492 304 771C292 783 288 800 288 817 288 833 296 850 308 863 321 871 338 875 354 875 371 875 388 867 400 854L696 533Z\"><\/path><\/svg>\t\t\t\t\t<\/div>\n\t\t\t\t\n\t\t\t\t\t\t\t\t\t<div class=\"swiper-pagination\"><\/div>\n\t\t\t\t\t\t\t\t\t<\/div>\n\t\t\t\t\t\t<\/div>\n\t\t<div class=\"elementor-element elementor-element-a8c06ea e-con-full e-flex e-con e-child\" data-id=\"a8c06ea\" data-element_type=\"container\" data-e-type=\"container\">\n\t\t\t\t<div class=\"elementor-element elementor-element-fe04d1e elementor-widget elementor-widget-heading\" data-id=\"fe04d1e\" data-element_type=\"widget\" data-e-type=\"widget\" data-widget_type=\"heading.default\">\n\t\t\t\t\t<h2 class=\"elementor-heading-title elementor-size-default\">Service de soudage, d'assemblage, de conception et de r\u00e9paration m\u00e9tallurgique \u00e0 Montr\u00e9al.<\/h2>\t\t\t\t<\/div>\n\t\t\t\t<div class=\"elementor-element elementor-element-419178c elementor-widget elementor-widget-text-editor\" data-id=\"419178c\" data-element_type=\"widget\" data-e-type=\"widget\" data-widget_type=\"text-editor.default\">\n\t\t\t\t\t\t\t\t\t<p>Nous pouvons r\u00e9aliser les travaux selon les proc\u00e9d\u00e9s suivants :<\/p><ul><li>SMAW (\u00e9lectrode enrob\u00e9e)\u00a0<\/li><li>MIG\u00a0<\/li><li>GTAW (Tig)<\/li><\/ul><p>La d\u00e9coupe plasma est \u00e9galement disponible \u00e0 l'atelier.<\/p><p>Nous avons un vaste inventaire de m\u00e9taux et de quincaillerie de pi\u00e8ces d'occasion \u00e0 votre disposition \u00e0 l'atelier.<\/p>\t\t\t\t\t\t\t\t<\/div>\n\t\t\t\t<\/div>\n\t\t\t\t<\/div>\n\t\t\t\t\t<\/div>\n\t\t\t\t<\/div>\n\t\t<div class=\"elementor-element elementor-element-196b679 e-flex e-con-boxed e-con e-parent\" data-id=\"196b679\" data-element_type=\"container\" data-e-type=\"container\">\n\t\t\t\t\t<div class=\"e-con-inner\">\n\t\t\t\t<div class=\"elementor-element elementor-element-15188dc elementor-widget elementor-widget-heading\" data-id=\"15188dc\" data-element_type=\"widget\" data-e-type=\"widget\" data-widget_type=\"heading.default\">\n\t\t\t\t\t<h2 class=\"elementor-heading-title elementor-size-default\">Demandez d\u00e8s maintenant un devis ou des informations en communiquant avec nous<\/h2>\t\t\t\t<\/div>\n\t\t\t\t<div class=\"elementor-element elementor-element-af1a1a0 elementor-widget elementor-widget-shortcode\" data-id=\"af1a1a0\" data-element_type=\"widget\" data-e-type=\"widget\" data-widget_type=\"shortcode.default\">\n\t\t\t\t\t\t\t<div class=\"elementor-shortcode\">\n<div class=\"wpcf7 no-js\" id=\"wpcf7-f2031-o1\" lang=\"en-US\" dir=\"ltr\" data-wpcf7-id=\"2031\">\n<div class=\"screen-reader-response\"><p role=\"status\" aria-live=\"polite\" aria-atomic=\"true\"><\/p> <ul><\/ul><\/div>\n<form action=\"\/fr\/wp-json\/wp\/v2\/pages\/236751#wpcf7-f2031-o1\" method=\"post\" class=\"wpcf7-form init\" aria-label=\"Contact form\" enctype=\"multipart\/form-data\" novalidate=\"novalidate\" data-status=\"init\" data-trp-original-action=\"\/fr\/wp-json\/wp\/v2\/pages\/236751#wpcf7-f2031-o1\">\n<fieldset class=\"hidden-fields-container\"><input type=\"hidden\" name=\"_wpcf7\" value=\"2031\" \/><input type=\"hidden\" name=\"_wpcf7_version\" value=\"6.1.5\" \/><input type=\"hidden\" name=\"_wpcf7_locale\" value=\"en_US\" \/><input type=\"hidden\" name=\"_wpcf7_unit_tag\" value=\"wpcf7-f2031-o1\" \/><input type=\"hidden\" name=\"_wpcf7_container_post\" value=\"0\" \/><input type=\"hidden\" name=\"_wpcf7_posted_data_hash\" value=\"\" \/>\n<\/fieldset>\n<p><span id=\"wpcf7-6a043115e9bd6-wrapper\" class=\"wpcf7-form-control-wrap honeypot-721-wrap\" style=\"display:none !important; visibility:hidden !important;\"><label for=\"wpcf7-6a043115e9bd6-field\" class=\"hp-message\">Please leave this field empty.<\/label><input id=\"wpcf7-6a043115e9bd6-field\"  class=\"wpcf7-form-control wpcf7-text\" type=\"text\" name=\"honeypot-721\" value=\"\" size=\"40\" tabindex=\"-1\" autocomplete=\"new-password\" \/><\/span>\n<\/p>\n<p><label> Nom<br \/>\n<span class=\"wpcf7-form-control-wrap\" data-name=\"your-name\"><input size=\"40\" maxlength=\"400\" class=\"wpcf7-form-control wpcf7-text\" aria-invalid=\"false\" value=\"\" type=\"text\" name=\"your-name\" \/><\/span> <\/label>\n<\/p>\n<p><label> Adresse e-mail<br \/>\n<span class=\"wpcf7-form-control-wrap\" data-name=\"your-email\"><input size=\"40\" maxlength=\"400\" class=\"wpcf7-form-control wpcf7-email wpcf7-validates-as-required wpcf7-text wpcf7-validates-as-email\" aria-required=\"true\" aria-invalid=\"false\" value=\"\" type=\"email\" name=\"your-email\" \/><\/span> <\/label>\n<\/p>\n<p><label> Num\u00e9ro de t\u00e9l\u00e9phone<br \/>\n<span class=\"wpcf7-form-control-wrap\" data-name=\"telephone\"><input size=\"40\" maxlength=\"400\" class=\"wpcf7-form-control wpcf7-text\" aria-invalid=\"false\" value=\"\" type=\"text\" name=\"telephone\" \/><\/span> <\/label>\n<\/p>\n<p><label> Description<br \/>\n<span class=\"wpcf7-form-control-wrap\" data-name=\"your-message\"><textarea cols=\"40\" rows=\"10\" maxlength=\"10000\" class=\"wpcf7-form-control wpcf7-textarea wpcf7-validates-as-required\" aria-required=\"true\" aria-invalid=\"false\" name=\"your-message\"><\/textarea><\/span> <\/label>\n<\/p>\n<p><label> Ajouter une carte ou une image (recommand\u00e9)<br \/>\n<span class=\"wpcf7-form-control-wrap\" data-name=\"file-741\"><input size=\"40\" class=\"wpcf7-form-control wpcf7-file\" accept=\".jpg,.pdf,.png,.jpeg,.doc,.xls,.csv\" aria-invalid=\"false\" type=\"file\" name=\"file-741\" \/><\/span><br \/>\n<\/label>\n<\/p>\n<p><label> Ajouter un autre fichier<br \/>\n<span class=\"wpcf7-form-control-wrap\" data-name=\"file-742\"><input size=\"40\" class=\"wpcf7-form-control wpcf7-file\" accept=\".jpg,.pdf,.png,.jpeg,.doc,.xls,.csv\" aria-invalid=\"false\" type=\"file\" name=\"file-742\" \/><\/span><br \/>\n<\/label>\n<\/p>\n<p><label> Ajouter un autre fichier<br \/>\n<span class=\"wpcf7-form-control-wrap\" data-name=\"file-743\"><input size=\"40\" class=\"wpcf7-form-control wpcf7-file\" accept=\".jpg,.pdf,.png,.jpeg,.doc,.xls,.csv\" aria-invalid=\"false\" type=\"file\" name=\"file-743\" \/><\/span><br \/>\n<\/label>\n<\/p>\n<p><input class=\"wpcf7-form-control wpcf7-submit has-spinner\" type=\"submit\" value=\"ENVOYER\" \/>\n<\/p><input type=\"hidden\" id=\"ct_checkjs_cf7_bf62768ca46b6c3b5bea9515d1a1fc45\" name=\"ct_checkjs_cf7\" value=\"0\" \/><script >setTimeout(function(){var ct_input_name = \"ct_checkjs_cf7_bf62768ca46b6c3b5bea9515d1a1fc45\";if (document.getElementById(ct_input_name) !== null) {var ct_input_value = document.getElementById(ct_input_name).value;document.getElementById(ct_input_name).value = document.getElementById(ct_input_name).value.replace(ct_input_value, '96c57e6665b56db646e7d144d9a03aefea423483367cf57532a02d614398a10d');}}, 1000);<\/script><input\n                    class=\"apbct_special_field apbct_email_id__wp_contact_form_7\"\n                    name=\"apbct__email_id__wp_contact_form_7\"\n                    aria-label=\"apbct__label_id__wp_contact_form_7\"\n                    type=\"text\" size=\"30\" maxlength=\"200\" autocomplete=\"off\"\n                    value=\"\"\n                \/><div class=\"wpcf7-response-output\" aria-hidden=\"true\"><\/div>\n<input\n                    class=\"apbct_special_field apbct_email_id__elementor_form\"\n                    name=\"apbct__email_id__elementor_form\"\n                    aria-label=\"1 de 7\"0\n type=\"text\" size=\"30\" maxlength=\"200\" autocomplete=\"off\"\n                    value=\"\" data-no-translation-aria-label=\"\"\n                \/><input type=\"hidden\" name=\"trp-form-language\" value=\"fr\"\/><\/form>\n<\/div>\n<\/div>\n\t\t\t\t\t\t<\/div>\n\t\t\t\t\t<\/div>\n\t\t\t\t<\/div>\n\t\t\t\t<\/div>","protected":false},"excerpt":{"rendered":"<p>Service de soudage, assemblage, conception et r\u00e9paration m\u00e9tallurgique \u00e0 Montr\u00e9al. Nous pouvons r\u00e9aliser les travaux selon les proc\u00e9d\u00e9s suivants : SMAW (baguette)\u00a0 GMAW (Mig)\u00a0 GTAW (Tig) La d\u00e9coupe au plasma est \u00e9galement disponible \u00e0 l\u2019atelier. Nous poss\u00e9dons un vaste inventaire de m\u00e9taux et une quincaillerie de pi\u00e8ces usag\u00e9es mise \u00e0 votre disposition \u00e0 l\u2019atelier. Demandez [&hellip;]<\/p>\n","protected":false},"author":1,"featured_media":0,"parent":0,"menu_order":0,"comment_status":"closed","ping_status":"closed","template":"","meta":{"_acf_changed":false,"iawp_total_views":53,"footnotes":""},"class_list":["post-236751","page","type-page","status-publish","hentry"],"acf":[],"yoast_head":"<!-- This site is optimized with the Yoast SEO plugin v27.5 - https:\/\/yoast.com\/product\/yoast-seo-wordpress\/ -->\n<title>Des soudeurs sp\u00e9cialis\u00e9s et un atelier con\u00e7u pour tous les travaux<\/title>\n<meta name=\"description\" content=\"Un atelier de soudure et d&#039;assemblage traitant les diff\u00e9rents types de m\u00e9taux, des soudeurs de grand talent pour vos travaux vari\u00e9s.\" \/>\n<meta name=\"robots\" content=\"index, follow, max-snippet:-1, max-image-preview:large, max-video-preview:-1\" \/>\n<link rel=\"canonical\" href=\"https:\/\/recyborg.com\/fr\/atelier-soudure-travaux\/\" \/>\n<meta property=\"og:locale\" content=\"fr_CA\" \/>\n<meta property=\"og:type\" content=\"article\" \/>\n<meta property=\"og:title\" content=\"Des soudeurs sp\u00e9cialis\u00e9s et un atelier con\u00e7u pour tous les travaux\" \/>\n<meta property=\"og:description\" content=\"Un atelier de soudure et d&#039;assemblage traitant les diff\u00e9rents types de m\u00e9taux, des soudeurs de grand talent pour vos travaux vari\u00e9s.\" \/>\n<meta property=\"og:url\" content=\"https:\/\/recyborg.com\/fr\/atelier-soudure-travaux\/\" \/>\n<meta property=\"og:site_name\" content=\"RECYBORG\" \/>\n<meta property=\"article:publisher\" content=\"https:\/\/www.facebook.com\/people\/Recyborg\/100057282436718\/\" \/>\n<meta property=\"article:modified_time\" content=\"2026-05-10T23:04:02+00:00\" \/>\n<meta property=\"og:image\" content=\"https:\/\/recyborg.com\/wp-content\/uploads\/2026\/03\/soudure03.webp\" \/>\n<meta name=\"twitter:card\" content=\"summary_large_image\" \/>\n<script type=\"application\/ld+json\" class=\"yoast-schema-graph\">{\"@context\":\"https:\\\/\\\/schema.org\",\"@graph\":[{\"@type\":\"WebPage\",\"@id\":\"https:\\\/\\\/recyborg.com\\\/workshop-welding-work\\\/\",\"url\":\"https:\\\/\\\/recyborg.com\\\/workshop-welding-work\\\/\",\"name\":\"Des soudeurs sp\u00e9cialis\u00e9s et un atelier con\u00e7u pour tous les travaux\",\"isPartOf\":{\"@id\":\"https:\\\/\\\/recyborg.com\\\/#website\"},\"primaryImageOfPage\":{\"@id\":\"https:\\\/\\\/recyborg.com\\\/workshop-welding-work\\\/#primaryimage\"},\"image\":{\"@id\":\"https:\\\/\\\/recyborg.com\\\/workshop-welding-work\\\/#primaryimage\"},\"thumbnailUrl\":\"https:\\\/\\\/recyborg.com\\\/wp-content\\\/uploads\\\/2026\\\/03\\\/soudure03.webp\",\"datePublished\":\"2026-03-05T22:29:37+00:00\",\"dateModified\":\"2026-05-10T23:04:02+00:00\",\"description\":\"Un atelier de soudure et d'assemblage traitant les diff\u00e9rents types de m\u00e9taux, des soudeurs de grand talent pour vos travaux vari\u00e9s.\",\"breadcrumb\":{\"@id\":\"https:\\\/\\\/recyborg.com\\\/workshop-welding-work\\\/#breadcrumb\"},\"inLanguage\":\"fr-CA\",\"potentialAction\":[{\"@type\":\"ReadAction\",\"target\":[\"https:\\\/\\\/recyborg.com\\\/workshop-welding-work\\\/\"]}]},{\"@type\":\"ImageObject\",\"inLanguage\":\"fr-CA\",\"@id\":\"https:\\\/\\\/recyborg.com\\\/workshop-welding-work\\\/#primaryimage\",\"url\":\"https:\\\/\\\/recyborg.com\\\/wp-content\\\/uploads\\\/2026\\\/03\\\/soudure03.webp\",\"contentUrl\":\"https:\\\/\\\/recyborg.com\\\/wp-content\\\/uploads\\\/2026\\\/03\\\/soudure03.webp\"},{\"@type\":\"BreadcrumbList\",\"@id\":\"https:\\\/\\\/recyborg.com\\\/workshop-welding-work\\\/#breadcrumb\",\"itemListElement\":[{\"@type\":\"ListItem\",\"position\":1,\"name\":\"Home\",\"item\":\"https:\\\/\\\/recyborg.com\\\/\"},{\"@type\":\"ListItem\",\"position\":2,\"name\":\"Workshop welding work\"}]},{\"@type\":\"WebSite\",\"@id\":\"https:\\\/\\\/recyborg.com\\\/#website\",\"url\":\"https:\\\/\\\/recyborg.com\\\/\",\"name\":\"RECYBORG\",\"description\":\"Ressourcerie et point de recyclage \u00e0 Montr\u00e9al\",\"publisher\":{\"@id\":\"https:\\\/\\\/recyborg.com\\\/#organization\"},\"potentialAction\":[{\"@type\":\"SearchAction\",\"target\":{\"@type\":\"EntryPoint\",\"urlTemplate\":\"https:\\\/\\\/recyborg.com\\\/?s={search_term_string}\"},\"query-input\":{\"@type\":\"PropertyValueSpecification\",\"valueRequired\":true,\"valueName\":\"search_term_string\"}}],\"inLanguage\":\"fr-CA\"},{\"@type\":\"Organization\",\"@id\":\"https:\\\/\\\/recyborg.com\\\/#organization\",\"name\":\"Coop Recyborg\",\"url\":\"https:\\\/\\\/recyborg.com\\\/\",\"logo\":{\"@type\":\"ImageObject\",\"inLanguage\":\"fr-CA\",\"@id\":\"https:\\\/\\\/recyborg.com\\\/#\\\/schema\\\/logo\\\/image\\\/\",\"url\":\"https:\\\/\\\/recyborg-www.nyc3.digitaloceanspaces.com\\\/wp-content\\\/uploads\\\/2025\\\/08\\\/28161503\\\/Screenshot-from-2025-08-28-16-14-23.png\",\"contentUrl\":\"https:\\\/\\\/recyborg-www.nyc3.digitaloceanspaces.com\\\/wp-content\\\/uploads\\\/2025\\\/08\\\/28161503\\\/Screenshot-from-2025-08-28-16-14-23.png\",\"width\":255,\"height\":41,\"caption\":\"Coop Recyborg\"},\"image\":{\"@id\":\"https:\\\/\\\/recyborg.com\\\/#\\\/schema\\\/logo\\\/image\\\/\"},\"sameAs\":[\"https:\\\/\\\/www.facebook.com\\\/people\\\/Recyborg\\\/100057282436718\\\/\"]}]}<\/script>\n<!-- \/ Yoast SEO plugin. -->","yoast_head_json":{"title":"Sp\u00e9cialistes de la soudure et un atelier pour tous les travaux","description":"Un atelier de soudure et d'assemblage traitant les diff\u00e9rents types de m\u00e9taux, des soudeurs de grand talent pour vos travaux vari\u00e9s.","robots":{"index":"index","follow":"follow","max-snippet":"max-snippet:-1","max-image-preview":"max-image-preview:large","max-video-preview":"max-video-preview:-1"},"canonical":"https:\/\/recyborg.com\/fr\/atelier-soudure-travaux\/","og_locale":"fr_CA","og_type":"article","og_title":"Des soudeurs sp\u00e9cialis\u00e9s et un atelier con\u00e7u pour tous les travaux","og_description":"Un atelier de soudure et d'assemblage traitant les diff\u00e9rents types de m\u00e9taux, des soudeurs de grand talent pour vos travaux vari\u00e9s.","og_url":"https:\/\/recyborg.com\/fr\/atelier-soudure-travaux\/","og_site_name":"RECYBORG","article_publisher":"https:\/\/www.facebook.com\/people\/Recyborg\/100057282436718\/","article_modified_time":"2026-05-10T23:04:02+00:00","og_image":[{"url":"https:\/\/recyborg.com\/wp-content\/uploads\/2026\/03\/soudure03.webp","type":"","width":"","height":""}],"twitter_card":"summary_large_image","schema":{"@context":"https:\/\/schema.org","@graph":[{"@type":"WebPage","@id":"https:\/\/recyborg.com\/workshop-welding-work\/","url":"https:\/\/recyborg.com\/workshop-welding-work\/","name":"Sp\u00e9cialistes de la soudure et un atelier pour tous les travaux","isPartOf":{"@id":"https:\/\/recyborg.com\/#website"},"primaryImageOfPage":{"@id":"https:\/\/recyborg.com\/workshop-welding-work\/#primaryimage"},"image":{"@id":"https:\/\/recyborg.com\/workshop-welding-work\/#primaryimage"},"thumbnailUrl":"https:\/\/recyborg.com\/wp-content\/uploads\/2026\/03\/soudure03.webp","datePublished":"2026-03-05T22:29:37+00:00","dateModified":"2026-05-10T23:04:02+00:00","description":"Un atelier de soudure et d'assemblage traitant les diff\u00e9rents types de m\u00e9taux, des soudeurs de grand talent pour vos travaux vari\u00e9s.","breadcrumb":{"@id":"https:\/\/recyborg.com\/workshop-welding-work\/#breadcrumb"},"inLanguage":"fr-CA","potentialAction":[{"@type":"ReadAction","target":["https:\/\/recyborg.com\/workshop-welding-work\/"]}]},{"@type":"ImageObject","inLanguage":"fr-CA","@id":"https:\/\/recyborg.com\/workshop-welding-work\/#primaryimage","url":"https:\/\/recyborg.com\/wp-content\/uploads\/2026\/03\/soudure03.webp","contentUrl":"https:\/\/recyborg.com\/wp-content\/uploads\/2026\/03\/soudure03.webp"},{"@type":"BreadcrumbList","@id":"https:\/\/recyborg.com\/workshop-welding-work\/#breadcrumb","itemListElement":[{"@type":"ListItem","position":1,"name":"Home","item":"https:\/\/recyborg.com\/"},{"@type":"ListItem","position":2,"name":"Workshop welding work"}]},{"@type":"WebSite","@id":"https:\/\/recyborg.com\/#website","url":"https:\/\/recyborg.com\/","name":"RECYBORG","description":"Ressourcerie et point de recyclage \u00e0 Montr\u00e9al","publisher":{"@id":"https:\/\/recyborg.com\/#organization"},"potentialAction":[{"@type":"SearchAction","target":{"@type":"EntryPoint","urlTemplate":"https:\/\/recyborg.com\/?s={search_term_string}"},"query-input":{"@type":"PropertyValueSpecification","valueRequired":true,"valueName":"search_term_string"}}],"inLanguage":"fr-CA"},{"@type":"Organization","@id":"https:\/\/recyborg.com\/#organization","name":"Coop Recyborg","url":"https:\/\/recyborg.com\/","logo":{"@type":"ImageObject","inLanguage":"fr-CA","@id":"https:\/\/recyborg.com\/#\/schema\/logo\/image\/","url":"https:\/\/recyborg-www.nyc3.digitaloceanspaces.com\/wp-content\/uploads\/2025\/08\/28161503\/Screenshot-from-2025-08-28-16-14-23.png","contentUrl":"https:\/\/recyborg-www.nyc3.digitaloceanspaces.com\/wp-content\/uploads\/2025\/08\/28161503\/Screenshot-from-2025-08-28-16-14-23.png","width":255,"height":41,"caption":"Coop Recyborg"},"image":{"@id":"https:\/\/recyborg.com\/#\/schema\/logo\/image\/"},"sameAs":["https:\/\/www.facebook.com\/people\/Recyborg\/100057282436718\/"]}]}},"_links":{"self":[{"href":"https:\/\/recyborg.com\/fr\/wp-json\/wp\/v2\/pages\/236751","targetHints":{"allow":["GET"]}}],"collection":[{"href":"https:\/\/recyborg.com\/fr\/wp-json\/wp\/v2\/pages"}],"about":[{"href":"https:\/\/recyborg.com\/fr\/wp-json\/wp\/v2\/types\/page"}],"author":[{"embeddable":true,"href":"https:\/\/recyborg.com\/fr\/wp-json\/wp\/v2\/users\/1"}],"replies":[{"embeddable":true,"href":"https:\/\/recyborg.com\/fr\/wp-json\/wp\/v2\/comments?post=236751"}],"version-history":[{"count":0,"href":"https:\/\/recyborg.com\/fr\/wp-json\/wp\/v2\/pages\/236751\/revisions"}],"wp:attachment":[{"href":"https:\/\/recyborg.com\/fr\/wp-json\/wp\/v2\/media?parent=236751"}],"curies":[{"name":"wp","href":"https:\/\/api.w.org\/{rel}","templated":true}]}}