{"id":152117,"date":"2024-11-21T14:16:59","date_gmt":"2024-11-21T19:16:59","guid":{"rendered":"https:\/\/recyborg.com\/?post_type=product&#038;p=152117"},"modified":"2025-12-11T13:15:40","modified_gmt":"2025-12-11T18:15:40","slug":"danby-air-conditioner-model-dpa110dha1cppcb-pc-board-assembly-cora0538cm","status":"publish","type":"product","link":"https:\/\/recyborg.com\/fr\/shop\/used-replacement-applianceparts\/air-conditioner-parts\/danby-air-conditioner-model-dpa110dha1cppcb-pc-board-assembly-cora0538cm\/","title":{"rendered":"DANBY Syst\u00e8me de climatisation mod\u00e8le DPA110DHA1CPPCB Ensemble de carte de circuit imprim\u00e9 A2553-050"},"content":{"rendered":"","protected":false},"excerpt":{"rendered":"","protected":false},"author":11,"featured_media":152057,"template":"","meta":{"_acf_changed":false,"iawp_total_views":4},"product_brand":[],"product_cat":[461,46],"product_tag":[],"class_list":{"0":"post-152117","1":"product","2":"type-product","3":"status-publish","4":"has-post-thumbnail","6":"product_cat-air-conditioner-parts","7":"product_cat-used-replacement-applianceparts","9":"first","10":"instock","11":"taxable","12":"shipping-taxable","13":"purchasable","14":"product-type-simple"},"acf":[],"yoast_head":"<!-- This site is optimized with the Yoast SEO plugin v27.6 - https:\/\/yoast.com\/product\/yoast-seo-wordpress\/ -->\n<title>DANBY Air Conditioner Model DPA110DHA1CPPCB PC Board Assembly A2553-050 - RECYBORG<\/title>\n<meta name=\"description\" content=\"%\" \/>\n<meta name=\"robots\" content=\"index, follow, max-snippet:-1, max-image-preview:large, max-video-preview:-1\" \/>\n<link rel=\"canonical\" href=\"https:\/\/recyborg.com\/fr\/shop\/pieces-de-rechange-pour-appareils-electromenagers-doccasion\/pieces-de-climatiseur\/danby-air-conditioner-model-dpa110dha1cppcb-pc-board-assembly-cora0538cm\/\" \/>\n<meta property=\"og:locale\" content=\"fr_CA\" \/>\n<meta property=\"og:type\" content=\"article\" \/>\n<meta property=\"og:title\" content=\"DANBY Air Conditioner Model DPA110DHA1CPPCB PC Board Assembly A2553-050 - RECYBORG\" \/>\n<meta property=\"og:description\" content=\"%\" \/>\n<meta property=\"og:url\" content=\"https:\/\/recyborg.com\/fr\/shop\/pieces-de-rechange-pour-appareils-electromenagers-doccasion\/pieces-de-climatiseur\/danby-air-conditioner-model-dpa110dha1cppcb-pc-board-assembly-cora0538cm\/\" \/>\n<meta property=\"og:site_name\" content=\"RECYBORG\" \/>\n<meta property=\"article:publisher\" content=\"https:\/\/www.facebook.com\/people\/Recyborg\/100057282436718\/\" \/>\n<meta property=\"article:modified_time\" content=\"2025-12-11T18:15:40+00:00\" \/>\n<meta property=\"og:image\" content=\"https:\/\/recyborg-www.nyc3.digitaloceanspaces.com\/wp-content\/uploads\/2024\/11\/21133815\/IMG_0154.redimensionne-960x640.jpg\" \/>\n\t<meta property=\"og:image:width\" content=\"960\" \/>\n\t<meta property=\"og:image:height\" content=\"640\" \/>\n\t<meta property=\"og:image:type\" content=\"image\/jpeg\" \/>\n<meta name=\"twitter:card\" content=\"summary_large_image\" \/>\n<script type=\"application\/ld+json\" class=\"yoast-schema-graph\">{\"@context\":\"https:\\\/\\\/schema.org\",\"@graph\":[{\"@type\":\"WebPage\",\"@id\":\"https:\\\/\\\/recyborg.com\\\/shop\\\/used-replacement-applianceparts\\\/air-conditioner-parts\\\/danby-air-conditioner-model-dpa110dha1cppcb-pc-board-assembly-cora0538cm\\\/\",\"url\":\"https:\\\/\\\/recyborg.com\\\/shop\\\/used-replacement-applianceparts\\\/air-conditioner-parts\\\/danby-air-conditioner-model-dpa110dha1cppcb-pc-board-assembly-cora0538cm\\\/\",\"name\":\"DANBY Air Conditioner Model DPA110DHA1CPPCB PC Board Assembly A2553-050 - RECYBORG\",\"isPartOf\":{\"@id\":\"https:\\\/\\\/recyborg.com\\\/#website\"},\"primaryImageOfPage\":{\"@id\":\"https:\\\/\\\/recyborg.com\\\/shop\\\/used-replacement-applianceparts\\\/air-conditioner-parts\\\/danby-air-conditioner-model-dpa110dha1cppcb-pc-board-assembly-cora0538cm\\\/#primaryimage\"},\"image\":{\"@id\":\"https:\\\/\\\/recyborg.com\\\/shop\\\/used-replacement-applianceparts\\\/air-conditioner-parts\\\/danby-air-conditioner-model-dpa110dha1cppcb-pc-board-assembly-cora0538cm\\\/#primaryimage\"},\"thumbnailUrl\":\"https:\\\/\\\/recyborg-www.nyc3.digitaloceanspaces.com\\\/wp-content\\\/uploads\\\/2024\\\/11\\\/21133815\\\/IMG_0154.redimensionne-960x640.jpg\",\"datePublished\":\"2024-11-21T19:16:59+00:00\",\"dateModified\":\"2025-12-11T18:15:40+00:00\",\"description\":\"%\",\"breadcrumb\":{\"@id\":\"https:\\\/\\\/recyborg.com\\\/shop\\\/used-replacement-applianceparts\\\/air-conditioner-parts\\\/danby-air-conditioner-model-dpa110dha1cppcb-pc-board-assembly-cora0538cm\\\/#breadcrumb\"},\"inLanguage\":\"fr-CA\",\"potentialAction\":[{\"@type\":\"ReadAction\",\"target\":[\"https:\\\/\\\/recyborg.com\\\/shop\\\/used-replacement-applianceparts\\\/air-conditioner-parts\\\/danby-air-conditioner-model-dpa110dha1cppcb-pc-board-assembly-cora0538cm\\\/\"]}]},{\"@type\":\"ImageObject\",\"inLanguage\":\"fr-CA\",\"@id\":\"https:\\\/\\\/recyborg.com\\\/shop\\\/used-replacement-applianceparts\\\/air-conditioner-parts\\\/danby-air-conditioner-model-dpa110dha1cppcb-pc-board-assembly-cora0538cm\\\/#primaryimage\",\"url\":\"https:\\\/\\\/recyborg-www.nyc3.digitaloceanspaces.com\\\/wp-content\\\/uploads\\\/2024\\\/11\\\/21133815\\\/IMG_0154.redimensionne-960x640.jpg\",\"contentUrl\":\"https:\\\/\\\/recyborg-www.nyc3.digitaloceanspaces.com\\\/wp-content\\\/uploads\\\/2024\\\/11\\\/21133815\\\/IMG_0154.redimensionne-960x640.jpg\",\"width\":960,\"height\":640},{\"@type\":\"BreadcrumbList\",\"@id\":\"https:\\\/\\\/recyborg.com\\\/shop\\\/used-replacement-applianceparts\\\/air-conditioner-parts\\\/danby-air-conditioner-model-dpa110dha1cppcb-pc-board-assembly-cora0538cm\\\/#breadcrumb\",\"itemListElement\":[{\"@type\":\"ListItem\",\"position\":1,\"name\":\"Home\",\"item\":\"https:\\\/\\\/recyborg.com\\\/\"},{\"@type\":\"ListItem\",\"position\":2,\"name\":\"Inventory\",\"item\":\"https:\\\/\\\/recyborg.com\\\/inventory\\\/\"},{\"@type\":\"ListItem\",\"position\":3,\"name\":\"DANBY Air Conditioner Model DPA110DHA1CPPCB PC Board Assembly A2553-050\"}]},{\"@type\":\"WebSite\",\"@id\":\"https:\\\/\\\/recyborg.com\\\/#website\",\"url\":\"https:\\\/\\\/recyborg.com\\\/\",\"name\":\"RECYBORG\",\"description\":\"Ressourcerie et point de recyclage \u00e0 Montr\u00e9al\",\"publisher\":{\"@id\":\"https:\\\/\\\/recyborg.com\\\/#organization\"},\"potentialAction\":[{\"@type\":\"SearchAction\",\"target\":{\"@type\":\"EntryPoint\",\"urlTemplate\":\"https:\\\/\\\/recyborg.com\\\/?s={search_term_string}\"},\"query-input\":{\"@type\":\"PropertyValueSpecification\",\"valueRequired\":true,\"valueName\":\"search_term_string\"}}],\"inLanguage\":\"fr-CA\"},{\"@type\":\"Organization\",\"@id\":\"https:\\\/\\\/recyborg.com\\\/#organization\",\"name\":\"Coop Recyborg\",\"url\":\"https:\\\/\\\/recyborg.com\\\/\",\"logo\":{\"@type\":\"ImageObject\",\"inLanguage\":\"fr-CA\",\"@id\":\"https:\\\/\\\/recyborg.com\\\/#\\\/schema\\\/logo\\\/image\\\/\",\"url\":\"https:\\\/\\\/recyborg-www.nyc3.digitaloceanspaces.com\\\/wp-content\\\/uploads\\\/2025\\\/08\\\/28161503\\\/Screenshot-from-2025-08-28-16-14-23.png\",\"contentUrl\":\"https:\\\/\\\/recyborg-www.nyc3.digitaloceanspaces.com\\\/wp-content\\\/uploads\\\/2025\\\/08\\\/28161503\\\/Screenshot-from-2025-08-28-16-14-23.png\",\"width\":255,\"height\":41,\"caption\":\"Coop Recyborg\"},\"image\":{\"@id\":\"https:\\\/\\\/recyborg.com\\\/#\\\/schema\\\/logo\\\/image\\\/\"},\"sameAs\":[\"https:\\\/\\\/www.facebook.com\\\/people\\\/Recyborg\\\/100057282436718\\\/\"]}]}<\/script>\n<!-- \/ Yoast SEO plugin. -->","yoast_head_json":{"title":"DANBY Air Conditioner Model DPA110DHA1CPPCB PC Board Assembly A2553-050 - RECYBORG","description":"%","robots":{"index":"index","follow":"follow","max-snippet":"max-snippet:-1","max-image-preview":"max-image-preview:large","max-video-preview":"max-video-preview:-1"},"canonical":"https:\/\/recyborg.com\/fr\/shop\/pieces-de-rechange-pour-appareils-electromenagers-doccasion\/pieces-de-climatiseur\/danby-air-conditioner-model-dpa110dha1cppcb-pc-board-assembly-cora0538cm\/","og_locale":"fr_CA","og_type":"article","og_title":"DANBY Air Conditioner Model DPA110DHA1CPPCB PC Board Assembly A2553-050 - RECYBORG","og_description":"%","og_url":"https:\/\/recyborg.com\/fr\/shop\/pieces-de-rechange-pour-appareils-electromenagers-doccasion\/pieces-de-climatiseur\/danby-air-conditioner-model-dpa110dha1cppcb-pc-board-assembly-cora0538cm\/","og_site_name":"RECYBORG","article_publisher":"https:\/\/www.facebook.com\/people\/Recyborg\/100057282436718\/","article_modified_time":"2025-12-11T18:15:40+00:00","og_image":[{"width":960,"height":640,"url":"https:\/\/recyborg-www.nyc3.digitaloceanspaces.com\/wp-content\/uploads\/2024\/11\/21133815\/IMG_0154.redimensionne-960x640.jpg","type":"image\/jpeg"}],"twitter_card":"summary_large_image","schema":{"@context":"https:\/\/schema.org","@graph":[{"@type":"WebPage","@id":"https:\/\/recyborg.com\/shop\/used-replacement-applianceparts\/air-conditioner-parts\/danby-air-conditioner-model-dpa110dha1cppcb-pc-board-assembly-cora0538cm\/","url":"https:\/\/recyborg.com\/shop\/used-replacement-applianceparts\/air-conditioner-parts\/danby-air-conditioner-model-dpa110dha1cppcb-pc-board-assembly-cora0538cm\/","name":"DANBY Air Conditioner Model DPA110DHA1CPPCB PC Board Assembly A2553-050 - RECYBORG","isPartOf":{"@id":"https:\/\/recyborg.com\/#website"},"primaryImageOfPage":{"@id":"https:\/\/recyborg.com\/shop\/used-replacement-applianceparts\/air-conditioner-parts\/danby-air-conditioner-model-dpa110dha1cppcb-pc-board-assembly-cora0538cm\/#primaryimage"},"image":{"@id":"https:\/\/recyborg.com\/shop\/used-replacement-applianceparts\/air-conditioner-parts\/danby-air-conditioner-model-dpa110dha1cppcb-pc-board-assembly-cora0538cm\/#primaryimage"},"thumbnailUrl":"https:\/\/recyborg-www.nyc3.digitaloceanspaces.com\/wp-content\/uploads\/2024\/11\/21133815\/IMG_0154.redimensionne-960x640.jpg","datePublished":"2024-11-21T19:16:59+00:00","dateModified":"2025-12-11T18:15:40+00:00","description":"%","breadcrumb":{"@id":"https:\/\/recyborg.com\/shop\/used-replacement-applianceparts\/air-conditioner-parts\/danby-air-conditioner-model-dpa110dha1cppcb-pc-board-assembly-cora0538cm\/#breadcrumb"},"inLanguage":"fr-CA","potentialAction":[{"@type":"ReadAction","target":["https:\/\/recyborg.com\/shop\/used-replacement-applianceparts\/air-conditioner-parts\/danby-air-conditioner-model-dpa110dha1cppcb-pc-board-assembly-cora0538cm\/"]}]},{"@type":"ImageObject","inLanguage":"fr-CA","@id":"https:\/\/recyborg.com\/shop\/used-replacement-applianceparts\/air-conditioner-parts\/danby-air-conditioner-model-dpa110dha1cppcb-pc-board-assembly-cora0538cm\/#primaryimage","url":"https:\/\/recyborg-www.nyc3.digitaloceanspaces.com\/wp-content\/uploads\/2024\/11\/21133815\/IMG_0154.redimensionne-960x640.jpg","contentUrl":"https:\/\/recyborg-www.nyc3.digitaloceanspaces.com\/wp-content\/uploads\/2024\/11\/21133815\/IMG_0154.redimensionne-960x640.jpg","width":960,"height":640},{"@type":"BreadcrumbList","@id":"https:\/\/recyborg.com\/shop\/used-replacement-applianceparts\/air-conditioner-parts\/danby-air-conditioner-model-dpa110dha1cppcb-pc-board-assembly-cora0538cm\/#breadcrumb","itemListElement":[{"@type":"ListItem","position":1,"name":"Home","item":"https:\/\/recyborg.com\/"},{"@type":"ListItem","position":2,"name":"Inventory","item":"https:\/\/recyborg.com\/inventory\/"},{"@type":"ListItem","position":3,"name":"DANBY Air Conditioner Model DPA110DHA1CPPCB PC Board Assembly A2553-050"}]},{"@type":"WebSite","@id":"https:\/\/recyborg.com\/#website","url":"https:\/\/recyborg.com\/","name":"RECYBORG","description":"Ressourcerie et point de recyclage \u00e0 Montr\u00e9al","publisher":{"@id":"https:\/\/recyborg.com\/#organization"},"potentialAction":[{"@type":"SearchAction","target":{"@type":"EntryPoint","urlTemplate":"https:\/\/recyborg.com\/?s={search_term_string}"},"query-input":{"@type":"PropertyValueSpecification","valueRequired":true,"valueName":"search_term_string"}}],"inLanguage":"fr-CA"},{"@type":"Organization","@id":"https:\/\/recyborg.com\/#organization","name":"Coop Recyborg","url":"https:\/\/recyborg.com\/","logo":{"@type":"ImageObject","inLanguage":"fr-CA","@id":"https:\/\/recyborg.com\/#\/schema\/logo\/image\/","url":"https:\/\/recyborg-www.nyc3.digitaloceanspaces.com\/wp-content\/uploads\/2025\/08\/28161503\/Screenshot-from-2025-08-28-16-14-23.png","contentUrl":"https:\/\/recyborg-www.nyc3.digitaloceanspaces.com\/wp-content\/uploads\/2025\/08\/28161503\/Screenshot-from-2025-08-28-16-14-23.png","width":255,"height":41,"caption":"Coop Recyborg"},"image":{"@id":"https:\/\/recyborg.com\/#\/schema\/logo\/image\/"},"sameAs":["https:\/\/www.facebook.com\/people\/Recyborg\/100057282436718\/"]}]}},"_links":{"self":[{"href":"https:\/\/recyborg.com\/fr\/wp-json\/wp\/v2\/product\/152117","targetHints":{"allow":["GET"]}}],"collection":[{"href":"https:\/\/recyborg.com\/fr\/wp-json\/wp\/v2\/product"}],"about":[{"href":"https:\/\/recyborg.com\/fr\/wp-json\/wp\/v2\/types\/product"}],"author":[{"embeddable":true,"href":"https:\/\/recyborg.com\/fr\/wp-json\/wp\/v2\/users\/11"}],"wp:featuredmedia":[{"embeddable":true,"href":"https:\/\/recyborg.com\/fr\/wp-json\/wp\/v2\/media\/152057"}],"wp:attachment":[{"href":"https:\/\/recyborg.com\/fr\/wp-json\/wp\/v2\/media?parent=152117"}],"wp:term":[{"taxonomy":"product_brand","embeddable":true,"href":"https:\/\/recyborg.com\/fr\/wp-json\/wp\/v2\/product_brand?post=152117"},{"taxonomy":"product_cat","embeddable":true,"href":"https:\/\/recyborg.com\/fr\/wp-json\/wp\/v2\/product_cat?post=152117"},{"taxonomy":"product_tag","embeddable":true,"href":"https:\/\/recyborg.com\/fr\/wp-json\/wp\/v2\/product_tag?post=152117"}],"curies":[{"name":"wp","href":"https:\/\/api.w.org\/{rel}","templated":true}]}}