{"id":157396,"date":"2025-01-14T16:36:41","date_gmt":"2025-01-14T21:36:41","guid":{"rendered":"https:\/\/recyborg.com\/?post_type=product&#038;p=157396"},"modified":"2025-02-10T20:15:06","modified_gmt":"2025-02-11T01:15:06","slug":"synthetiseur-fm-programmable-clavier-personnel-kawai-ms-710","status":"publish","type":"product","link":"https:\/\/recyborg.com\/fr\/shop\/audio-video\/musical-instruments-equipment\/kawai-ms-710-personal-keyboard-programmable-fm-synthesizer\/","title":{"rendered":"Clavier personnel Kawai MS-710 Synth\u00e9tiseur FM programmable"},"content":{"rendered":"<p>Clavier jouet vraiment int\u00e9ressant. Kawai MS710 de 1991. 20 sons PCM pr\u00e9d\u00e9finis, avec une bo\u00eete \u00e0 rythmes PCM, 24 rythmes variables, batteries \u00e0 touches, enregistrement, chorus, vibrato, prises MIDI IN et OUT ainsi qu'une molette de pitch bend.<\/p>\n<p>Il existe un mode int\u00e9ressant \u2018Synth\u00e9tiseur\u2019 programmable par l'utilisateur qui permet de s\u00e9lectionner et de superposer deux formes d'onde suppl\u00e9mentaires pour cr\u00e9er 4 patchs personnalis\u00e9s. Ceux-ci sonnent tr\u00e8s ressemblants \u00e0 des sons de synth\u00e8se FM \u00e0 2 op\u00e9rateurs, mais je ne suis pas s\u00fbr de ce qui les pilote. Une enveloppe AD peut \u00eatre appliqu\u00e9e \u00e0 chacun des deux sons.<\/p>\n<p>Le compartiment de la batterie est exempt de corrosion et comprend un couvercle. Utilise une alimentation CC standard avec prise barillet centre-n\u00e9gatif (non incluse).<\/p>\n<p>Fonctionne parfaitement.<\/p>","protected":false},"excerpt":{"rendered":"<p>Really interesting toy keyboard. 1991 Kawai MS710. 20 Preset PCM sounds, with a PCM drum kit, 24 variable rhythms, keyed drums, recording, chorus, vibrato, MIDI IN and OUT jacks as well as a pitch bend. There is an interesting user-programmable \u2018Synthesizer\u2019 mode which allows the user to select and stack two additional waveforms to create [&hellip;]<\/p>\n","protected":false},"author":1,"featured_media":157418,"template":"","meta":{"_acf_changed":false,"iawp_total_views":15},"product_brand":[],"product_cat":[77,2488],"product_tag":[],"class_list":{"0":"post-157396","1":"product","2":"type-product","3":"status-publish","4":"has-post-thumbnail","6":"product_cat-audio-video","7":"product_cat-musical-instruments-equipment","9":"first","10":"outofstock","11":"featured","12":"taxable","13":"shipping-taxable","14":"purchasable","15":"product-type-simple"},"acf":[],"yoast_head":"<!-- This site is optimized with the Yoast SEO plugin v27.6 - https:\/\/yoast.com\/product\/yoast-seo-wordpress\/ -->\n<title>Kawai MS-710 Personal Keyboard Programmable FM Synthesizer - RECYBORG<\/title>\n<meta name=\"description\" content=\"%\" \/>\n<meta name=\"robots\" content=\"index, follow, max-snippet:-1, max-image-preview:large, max-video-preview:-1\" \/>\n<link rel=\"canonical\" href=\"https:\/\/recyborg.com\/fr\/shop\/materiel-audio-video\/instrument-de-musique\/synthetiseur-fm-programmable-clavier-personnel-kawai-ms-710\/\" \/>\n<meta property=\"og:locale\" content=\"fr_CA\" \/>\n<meta property=\"og:type\" content=\"article\" \/>\n<meta property=\"og:title\" content=\"Kawai MS-710 Personal Keyboard Programmable FM Synthesizer - RECYBORG\" \/>\n<meta property=\"og:description\" content=\"%\" \/>\n<meta property=\"og:url\" content=\"https:\/\/recyborg.com\/fr\/shop\/materiel-audio-video\/instrument-de-musique\/synthetiseur-fm-programmable-clavier-personnel-kawai-ms-710\/\" \/>\n<meta property=\"og:site_name\" content=\"RECYBORG\" \/>\n<meta property=\"article:publisher\" content=\"https:\/\/www.facebook.com\/people\/Recyborg\/100057282436718\/\" \/>\n<meta property=\"article:modified_time\" content=\"2025-02-11T01:15:06+00:00\" \/>\n<meta property=\"og:image\" content=\"https:\/\/recyborg-www.nyc3.digitaloceanspaces.com\/wp-content\/uploads\/2025\/01\/14163109\/IMG_1263-1920x1280.jpg\" \/>\n\t<meta property=\"og:image:width\" content=\"1920\" \/>\n\t<meta property=\"og:image:height\" content=\"1280\" \/>\n\t<meta property=\"og:image:type\" content=\"image\/jpeg\" \/>\n<meta name=\"twitter:card\" content=\"summary_large_image\" \/>\n<script type=\"application\/ld+json\" class=\"yoast-schema-graph\">{\"@context\":\"https:\\\/\\\/schema.org\",\"@graph\":[{\"@type\":\"WebPage\",\"@id\":\"https:\\\/\\\/recyborg.com\\\/shop\\\/materiel-audio-video\\\/instrument-de-musique\\\/kawai-ms-710-personal-keyboard-programmable-fm-synthesizer\\\/\",\"url\":\"https:\\\/\\\/recyborg.com\\\/shop\\\/materiel-audio-video\\\/instrument-de-musique\\\/kawai-ms-710-personal-keyboard-programmable-fm-synthesizer\\\/\",\"name\":\"Kawai MS-710 Personal Keyboard Programmable FM Synthesizer - RECYBORG\",\"isPartOf\":{\"@id\":\"https:\\\/\\\/recyborg.com\\\/#website\"},\"primaryImageOfPage\":{\"@id\":\"https:\\\/\\\/recyborg.com\\\/shop\\\/materiel-audio-video\\\/instrument-de-musique\\\/kawai-ms-710-personal-keyboard-programmable-fm-synthesizer\\\/#primaryimage\"},\"image\":{\"@id\":\"https:\\\/\\\/recyborg.com\\\/shop\\\/materiel-audio-video\\\/instrument-de-musique\\\/kawai-ms-710-personal-keyboard-programmable-fm-synthesizer\\\/#primaryimage\"},\"thumbnailUrl\":\"https:\\\/\\\/recyborg-www.nyc3.digitaloceanspaces.com\\\/wp-content\\\/uploads\\\/2025\\\/01\\\/14163109\\\/IMG_1263-1920x1280.jpg\",\"datePublished\":\"2025-01-14T21:36:41+00:00\",\"dateModified\":\"2025-02-11T01:15:06+00:00\",\"description\":\"%\",\"breadcrumb\":{\"@id\":\"https:\\\/\\\/recyborg.com\\\/shop\\\/materiel-audio-video\\\/instrument-de-musique\\\/kawai-ms-710-personal-keyboard-programmable-fm-synthesizer\\\/#breadcrumb\"},\"inLanguage\":\"fr-CA\",\"potentialAction\":[{\"@type\":\"ReadAction\",\"target\":[\"https:\\\/\\\/recyborg.com\\\/shop\\\/materiel-audio-video\\\/instrument-de-musique\\\/kawai-ms-710-personal-keyboard-programmable-fm-synthesizer\\\/\"]}]},{\"@type\":\"ImageObject\",\"inLanguage\":\"fr-CA\",\"@id\":\"https:\\\/\\\/recyborg.com\\\/shop\\\/materiel-audio-video\\\/instrument-de-musique\\\/kawai-ms-710-personal-keyboard-programmable-fm-synthesizer\\\/#primaryimage\",\"url\":\"https:\\\/\\\/recyborg-www.nyc3.digitaloceanspaces.com\\\/wp-content\\\/uploads\\\/2025\\\/01\\\/14163109\\\/IMG_1263-1920x1280.jpg\",\"contentUrl\":\"https:\\\/\\\/recyborg-www.nyc3.digitaloceanspaces.com\\\/wp-content\\\/uploads\\\/2025\\\/01\\\/14163109\\\/IMG_1263-1920x1280.jpg\",\"width\":1920,\"height\":1280},{\"@type\":\"BreadcrumbList\",\"@id\":\"https:\\\/\\\/recyborg.com\\\/shop\\\/materiel-audio-video\\\/instrument-de-musique\\\/kawai-ms-710-personal-keyboard-programmable-fm-synthesizer\\\/#breadcrumb\",\"itemListElement\":[{\"@type\":\"ListItem\",\"position\":1,\"name\":\"Home\",\"item\":\"https:\\\/\\\/recyborg.com\\\/\"},{\"@type\":\"ListItem\",\"position\":2,\"name\":\"Inventory\",\"item\":\"https:\\\/\\\/recyborg.com\\\/inventory\\\/\"},{\"@type\":\"ListItem\",\"position\":3,\"name\":\"Kawai MS-710 Personal Keyboard Programmable FM Synthesizer\"}]},{\"@type\":\"WebSite\",\"@id\":\"https:\\\/\\\/recyborg.com\\\/#website\",\"url\":\"https:\\\/\\\/recyborg.com\\\/\",\"name\":\"RECYBORG\",\"description\":\"Ressourcerie et point de recyclage \u00e0 Montr\u00e9al\",\"publisher\":{\"@id\":\"https:\\\/\\\/recyborg.com\\\/#organization\"},\"potentialAction\":[{\"@type\":\"SearchAction\",\"target\":{\"@type\":\"EntryPoint\",\"urlTemplate\":\"https:\\\/\\\/recyborg.com\\\/?s={search_term_string}\"},\"query-input\":{\"@type\":\"PropertyValueSpecification\",\"valueRequired\":true,\"valueName\":\"search_term_string\"}}],\"inLanguage\":\"fr-CA\"},{\"@type\":\"Organization\",\"@id\":\"https:\\\/\\\/recyborg.com\\\/#organization\",\"name\":\"Coop Recyborg\",\"url\":\"https:\\\/\\\/recyborg.com\\\/\",\"logo\":{\"@type\":\"ImageObject\",\"inLanguage\":\"fr-CA\",\"@id\":\"https:\\\/\\\/recyborg.com\\\/#\\\/schema\\\/logo\\\/image\\\/\",\"url\":\"https:\\\/\\\/recyborg-www.nyc3.digitaloceanspaces.com\\\/wp-content\\\/uploads\\\/2025\\\/08\\\/28161503\\\/Screenshot-from-2025-08-28-16-14-23.png\",\"contentUrl\":\"https:\\\/\\\/recyborg-www.nyc3.digitaloceanspaces.com\\\/wp-content\\\/uploads\\\/2025\\\/08\\\/28161503\\\/Screenshot-from-2025-08-28-16-14-23.png\",\"width\":255,\"height\":41,\"caption\":\"Coop Recyborg\"},\"image\":{\"@id\":\"https:\\\/\\\/recyborg.com\\\/#\\\/schema\\\/logo\\\/image\\\/\"},\"sameAs\":[\"https:\\\/\\\/www.facebook.com\\\/people\\\/Recyborg\\\/100057282436718\\\/\"]}]}<\/script>\n<!-- \/ Yoast SEO plugin. -->","yoast_head_json":{"title":"Clavier personnel Kawai MS-710 Synth\u00e9tiseur FM programmable - RECYBORG","description":"%","robots":{"index":"index","follow":"follow","max-snippet":"max-snippet:-1","max-image-preview":"max-image-preview:large","max-video-preview":"max-video-preview:-1"},"canonical":"https:\/\/recyborg.com\/fr\/shop\/materiel-audio-video\/instrument-de-musique\/synthetiseur-fm-programmable-clavier-personnel-kawai-ms-710\/","og_locale":"fr_CA","og_type":"article","og_title":"Kawai MS-710 Personal Keyboard Programmable FM Synthesizer - RECYBORG","og_description":"%","og_url":"https:\/\/recyborg.com\/fr\/shop\/materiel-audio-video\/instrument-de-musique\/synthetiseur-fm-programmable-clavier-personnel-kawai-ms-710\/","og_site_name":"RECYBORG","article_publisher":"https:\/\/www.facebook.com\/people\/Recyborg\/100057282436718\/","article_modified_time":"2025-02-11T01:15:06+00:00","og_image":[{"width":1920,"height":1280,"url":"https:\/\/recyborg-www.nyc3.digitaloceanspaces.com\/wp-content\/uploads\/2025\/01\/14163109\/IMG_1263-1920x1280.jpg","type":"image\/jpeg"}],"twitter_card":"summary_large_image","schema":{"@context":"https:\/\/schema.org","@graph":[{"@type":"WebPage","@id":"https:\/\/recyborg.com\/shop\/materiel-audio-video\/instrument-de-musique\/kawai-ms-710-personal-keyboard-programmable-fm-synthesizer\/","url":"https:\/\/recyborg.com\/shop\/materiel-audio-video\/instrument-de-musique\/kawai-ms-710-personal-keyboard-programmable-fm-synthesizer\/","name":"Clavier personnel Kawai MS-710 Synth\u00e9tiseur FM programmable - RECYBORG","isPartOf":{"@id":"https:\/\/recyborg.com\/#website"},"primaryImageOfPage":{"@id":"https:\/\/recyborg.com\/shop\/materiel-audio-video\/instrument-de-musique\/kawai-ms-710-personal-keyboard-programmable-fm-synthesizer\/#primaryimage"},"image":{"@id":"https:\/\/recyborg.com\/shop\/materiel-audio-video\/instrument-de-musique\/kawai-ms-710-personal-keyboard-programmable-fm-synthesizer\/#primaryimage"},"thumbnailUrl":"https:\/\/recyborg-www.nyc3.digitaloceanspaces.com\/wp-content\/uploads\/2025\/01\/14163109\/IMG_1263-1920x1280.jpg","datePublished":"2025-01-14T21:36:41+00:00","dateModified":"2025-02-11T01:15:06+00:00","description":"%","breadcrumb":{"@id":"https:\/\/recyborg.com\/shop\/materiel-audio-video\/instrument-de-musique\/kawai-ms-710-personal-keyboard-programmable-fm-synthesizer\/#breadcrumb"},"inLanguage":"fr-CA","potentialAction":[{"@type":"ReadAction","target":["https:\/\/recyborg.com\/shop\/materiel-audio-video\/instrument-de-musique\/kawai-ms-710-personal-keyboard-programmable-fm-synthesizer\/"]}]},{"@type":"ImageObject","inLanguage":"fr-CA","@id":"https:\/\/recyborg.com\/shop\/materiel-audio-video\/instrument-de-musique\/kawai-ms-710-personal-keyboard-programmable-fm-synthesizer\/#primaryimage","url":"https:\/\/recyborg-www.nyc3.digitaloceanspaces.com\/wp-content\/uploads\/2025\/01\/14163109\/IMG_1263-1920x1280.jpg","contentUrl":"https:\/\/recyborg-www.nyc3.digitaloceanspaces.com\/wp-content\/uploads\/2025\/01\/14163109\/IMG_1263-1920x1280.jpg","width":1920,"height":1280},{"@type":"BreadcrumbList","@id":"https:\/\/recyborg.com\/shop\/materiel-audio-video\/instrument-de-musique\/kawai-ms-710-personal-keyboard-programmable-fm-synthesizer\/#breadcrumb","itemListElement":[{"@type":"ListItem","position":1,"name":"Home","item":"https:\/\/recyborg.com\/"},{"@type":"ListItem","position":2,"name":"Inventory","item":"https:\/\/recyborg.com\/inventory\/"},{"@type":"ListItem","position":3,"name":"Kawai MS-710 Personal Keyboard Programmable FM Synthesizer"}]},{"@type":"WebSite","@id":"https:\/\/recyborg.com\/#website","url":"https:\/\/recyborg.com\/","name":"RECYBORG","description":"Ressourcerie et point de recyclage \u00e0 Montr\u00e9al","publisher":{"@id":"https:\/\/recyborg.com\/#organization"},"potentialAction":[{"@type":"SearchAction","target":{"@type":"EntryPoint","urlTemplate":"https:\/\/recyborg.com\/?s={search_term_string}"},"query-input":{"@type":"PropertyValueSpecification","valueRequired":true,"valueName":"search_term_string"}}],"inLanguage":"fr-CA"},{"@type":"Organization","@id":"https:\/\/recyborg.com\/#organization","name":"Coop Recyborg","url":"https:\/\/recyborg.com\/","logo":{"@type":"ImageObject","inLanguage":"fr-CA","@id":"https:\/\/recyborg.com\/#\/schema\/logo\/image\/","url":"https:\/\/recyborg-www.nyc3.digitaloceanspaces.com\/wp-content\/uploads\/2025\/08\/28161503\/Screenshot-from-2025-08-28-16-14-23.png","contentUrl":"https:\/\/recyborg-www.nyc3.digitaloceanspaces.com\/wp-content\/uploads\/2025\/08\/28161503\/Screenshot-from-2025-08-28-16-14-23.png","width":255,"height":41,"caption":"Coop Recyborg"},"image":{"@id":"https:\/\/recyborg.com\/#\/schema\/logo\/image\/"},"sameAs":["https:\/\/www.facebook.com\/people\/Recyborg\/100057282436718\/"]}]}},"_links":{"self":[{"href":"https:\/\/recyborg.com\/fr\/wp-json\/wp\/v2\/product\/157396","targetHints":{"allow":["GET"]}}],"collection":[{"href":"https:\/\/recyborg.com\/fr\/wp-json\/wp\/v2\/product"}],"about":[{"href":"https:\/\/recyborg.com\/fr\/wp-json\/wp\/v2\/types\/product"}],"author":[{"embeddable":true,"href":"https:\/\/recyborg.com\/fr\/wp-json\/wp\/v2\/users\/1"}],"wp:featuredmedia":[{"embeddable":true,"href":"https:\/\/recyborg.com\/fr\/wp-json\/wp\/v2\/media\/157418"}],"wp:attachment":[{"href":"https:\/\/recyborg.com\/fr\/wp-json\/wp\/v2\/media?parent=157396"}],"wp:term":[{"taxonomy":"product_brand","embeddable":true,"href":"https:\/\/recyborg.com\/fr\/wp-json\/wp\/v2\/product_brand?post=157396"},{"taxonomy":"product_cat","embeddable":true,"href":"https:\/\/recyborg.com\/fr\/wp-json\/wp\/v2\/product_cat?post=157396"},{"taxonomy":"product_tag","embeddable":true,"href":"https:\/\/recyborg.com\/fr\/wp-json\/wp\/v2\/product_tag?post=157396"}],"curies":[{"name":"wp","href":"https:\/\/api.w.org\/{rel}","templated":true}]}}