{"id":224910,"date":"2026-01-21T12:06:57","date_gmt":"2026-01-21T17:06:57","guid":{"rendered":"https:\/\/recyborg.com\/?post_type=product&#038;p=224910"},"modified":"2026-04-28T13:20:20","modified_gmt":"2026-04-28T17:20:20","slug":"velo-vintage-fleetwing-10-vitesses-20-excellente-condition","status":"publish","type":"product","link":"https:\/\/recyborg.com\/fr\/shop\/used-bikes-and-parts\/velo-vintage-fleetwing-10-vitesses-20-excellente-condition\/","title":{"rendered":"V\u00e9lo Vintage Fleetwing 10 vitesses 20\u2033 \u2013 EXCELLENT \u00c9TAT \u2013"},"content":{"rendered":"<p>L'article est \u00e9galement disponible sur notre site internet : www.recyborg.com<br \/>\n*** R\u00e9servation \u2013 Livraison \u2013 Exp\u00e9dition \u2013 Retrait en magasin ***<\/p>\n<p>RECYBORG.com<br \/>\n1900 rue Le Ber, Montr\u00e9al, QC H3K 2A4<br \/>\n514*370*5945<\/p>\n<p>Lundi FERM\u00c9<br \/>\nMardi 10h-18h<br \/>\nMercredi 10h-18h<br \/>\nJeudi 10h-18h<br \/>\nVendredi 10h-18h<br \/>\nSamedi 12h-17h<br \/>\nDimanche FERM\u00c9<\/p>\n<p>Ainsi qu\u2019un plan pour vous y rendre : https:\/\/recyborg-www.nyc3.digitaloceanspaces.com\/wp-content\/uploads\/2024\/08\/29133752\/Sans-titre-1940\u00d71117.jpg<\/p>\n<p>Modes de paiement\u00a0: esp\u00e8ces, d\u00e9bit, cr\u00e9dit<\/p>","protected":false},"excerpt":{"rendered":"<p>L\u2019item est aussi disponible sur notre site internet : www.recyborg.com *** R\u00e9servation \u2013 Livraison \u2013 Exp\u00e9dition \u2013 Ramassage en magasin *** RECYBORG.com 1900c rue le Ber, Montr\u00e9al, QC H3K 2A4 514*370*5945 Lundi FERM\u00c9 Mardi 10h-18h Mercredi 10h-18h Jeudi 10h-18h Vendredi 10h-18h Samedi 12h-17h dimanche FERM\u00c9 Ainsi qu\u2019un plan pour vous y rendre : https:\/\/recyborg-www.nyc3.digitaloceanspaces.com\/wp-content\/uploads\/2024\/08\/29133752\/Sans-titre-1940\u00d71117.jpg Modes [&hellip;]<\/p>\n","protected":false},"author":21,"featured_media":224912,"template":"","meta":{"_acf_changed":false,"iawp_total_views":34},"product_brand":[],"product_cat":[48],"product_tag":[],"class_list":{"0":"post-224910","1":"product","2":"type-product","3":"status-publish","4":"has-post-thumbnail","6":"product_cat-used-bikes-and-parts","8":"first","9":"instock","10":"taxable","11":"shipping-taxable","12":"purchasable","13":"product-type-simple"},"acf":[],"yoast_head":"<!-- This site is optimized with the Yoast SEO plugin v27.6 - https:\/\/yoast.com\/product\/yoast-seo-wordpress\/ -->\n<title>V\u00e9lo Vintage Fleetwing 10 vitesses 20&quot; - EXCELLENTE CONDITION - RECYBORG<\/title>\n<meta name=\"description\" content=\"%\" \/>\n<meta name=\"robots\" content=\"index, follow, max-snippet:-1, max-image-preview:large, max-video-preview:-1\" \/>\n<link rel=\"canonical\" href=\"https:\/\/recyborg.com\/fr\/shop\/velo\/velo-vintage-fleetwing-10-vitesses-20-excellente-condition\/\" \/>\n<meta property=\"og:locale\" content=\"fr_CA\" \/>\n<meta property=\"og:type\" content=\"article\" \/>\n<meta property=\"og:title\" content=\"V\u00e9lo Vintage Fleetwing 10 vitesses 20&quot; - EXCELLENTE CONDITION - RECYBORG\" \/>\n<meta property=\"og:description\" content=\"%\" \/>\n<meta property=\"og:url\" content=\"https:\/\/recyborg.com\/fr\/shop\/velo\/velo-vintage-fleetwing-10-vitesses-20-excellente-condition\/\" \/>\n<meta property=\"og:site_name\" content=\"RECYBORG\" \/>\n<meta property=\"article:publisher\" content=\"https:\/\/www.facebook.com\/people\/Recyborg\/100057282436718\/\" \/>\n<meta property=\"article:modified_time\" content=\"2026-04-28T17:20:20+00:00\" \/>\n<meta property=\"og:image\" content=\"https:\/\/recyborg-www.nyc3.digitaloceanspaces.com\/wp-content\/uploads\/2026\/01\/21120322\/IMG_0796.redimensionne.jpeg\" \/>\n\t<meta property=\"og:image:width\" content=\"2016\" \/>\n\t<meta property=\"og:image:height\" content=\"1512\" \/>\n\t<meta property=\"og:image:type\" content=\"image\/jpeg\" \/>\n<meta name=\"twitter:card\" content=\"summary_large_image\" \/>\n<script type=\"application\/ld+json\" class=\"yoast-schema-graph\">{\"@context\":\"https:\\\/\\\/schema.org\",\"@graph\":[{\"@type\":\"WebPage\",\"@id\":\"https:\\\/\\\/recyborg.com\\\/shop\\\/velo\\\/velo-vintage-fleetwing-10-vitesses-20-excellente-condition\\\/\",\"url\":\"https:\\\/\\\/recyborg.com\\\/shop\\\/velo\\\/velo-vintage-fleetwing-10-vitesses-20-excellente-condition\\\/\",\"name\":\"V\u00e9lo Vintage Fleetwing 10 vitesses 20\\\" - EXCELLENTE CONDITION - RECYBORG\",\"isPartOf\":{\"@id\":\"https:\\\/\\\/recyborg.com\\\/#website\"},\"primaryImageOfPage\":{\"@id\":\"https:\\\/\\\/recyborg.com\\\/shop\\\/velo\\\/velo-vintage-fleetwing-10-vitesses-20-excellente-condition\\\/#primaryimage\"},\"image\":{\"@id\":\"https:\\\/\\\/recyborg.com\\\/shop\\\/velo\\\/velo-vintage-fleetwing-10-vitesses-20-excellente-condition\\\/#primaryimage\"},\"thumbnailUrl\":\"https:\\\/\\\/recyborg-www.nyc3.digitaloceanspaces.com\\\/wp-content\\\/uploads\\\/2026\\\/01\\\/21120322\\\/IMG_0796.redimensionne.jpeg\",\"datePublished\":\"2026-01-21T17:06:57+00:00\",\"dateModified\":\"2026-04-28T17:20:20+00:00\",\"description\":\"%\",\"breadcrumb\":{\"@id\":\"https:\\\/\\\/recyborg.com\\\/shop\\\/velo\\\/velo-vintage-fleetwing-10-vitesses-20-excellente-condition\\\/#breadcrumb\"},\"inLanguage\":\"fr-CA\",\"potentialAction\":[{\"@type\":\"ReadAction\",\"target\":[\"https:\\\/\\\/recyborg.com\\\/shop\\\/velo\\\/velo-vintage-fleetwing-10-vitesses-20-excellente-condition\\\/\"]}]},{\"@type\":\"ImageObject\",\"inLanguage\":\"fr-CA\",\"@id\":\"https:\\\/\\\/recyborg.com\\\/shop\\\/velo\\\/velo-vintage-fleetwing-10-vitesses-20-excellente-condition\\\/#primaryimage\",\"url\":\"https:\\\/\\\/recyborg-www.nyc3.digitaloceanspaces.com\\\/wp-content\\\/uploads\\\/2026\\\/01\\\/21120322\\\/IMG_0796.redimensionne.jpeg\",\"contentUrl\":\"https:\\\/\\\/recyborg-www.nyc3.digitaloceanspaces.com\\\/wp-content\\\/uploads\\\/2026\\\/01\\\/21120322\\\/IMG_0796.redimensionne.jpeg\",\"width\":2016,\"height\":1512},{\"@type\":\"BreadcrumbList\",\"@id\":\"https:\\\/\\\/recyborg.com\\\/shop\\\/velo\\\/velo-vintage-fleetwing-10-vitesses-20-excellente-condition\\\/#breadcrumb\",\"itemListElement\":[{\"@type\":\"ListItem\",\"position\":1,\"name\":\"Home\",\"item\":\"https:\\\/\\\/recyborg.com\\\/\"},{\"@type\":\"ListItem\",\"position\":2,\"name\":\"Inventory\",\"item\":\"https:\\\/\\\/recyborg.com\\\/inventory\\\/\"},{\"@type\":\"ListItem\",\"position\":3,\"name\":\"V\u00e9lo Vintage Fleetwing 10 vitesses 20&Prime; &#8211; EXCELLENTE CONDITION &#8211;\"}]},{\"@type\":\"WebSite\",\"@id\":\"https:\\\/\\\/recyborg.com\\\/#website\",\"url\":\"https:\\\/\\\/recyborg.com\\\/\",\"name\":\"RECYBORG\",\"description\":\"Ressourcerie et point de recyclage \u00e0 Montr\u00e9al\",\"publisher\":{\"@id\":\"https:\\\/\\\/recyborg.com\\\/#organization\"},\"potentialAction\":[{\"@type\":\"SearchAction\",\"target\":{\"@type\":\"EntryPoint\",\"urlTemplate\":\"https:\\\/\\\/recyborg.com\\\/?s={search_term_string}\"},\"query-input\":{\"@type\":\"PropertyValueSpecification\",\"valueRequired\":true,\"valueName\":\"search_term_string\"}}],\"inLanguage\":\"fr-CA\"},{\"@type\":\"Organization\",\"@id\":\"https:\\\/\\\/recyborg.com\\\/#organization\",\"name\":\"Coop Recyborg\",\"url\":\"https:\\\/\\\/recyborg.com\\\/\",\"logo\":{\"@type\":\"ImageObject\",\"inLanguage\":\"fr-CA\",\"@id\":\"https:\\\/\\\/recyborg.com\\\/#\\\/schema\\\/logo\\\/image\\\/\",\"url\":\"https:\\\/\\\/recyborg-www.nyc3.digitaloceanspaces.com\\\/wp-content\\\/uploads\\\/2025\\\/08\\\/28161503\\\/Screenshot-from-2025-08-28-16-14-23.png\",\"contentUrl\":\"https:\\\/\\\/recyborg-www.nyc3.digitaloceanspaces.com\\\/wp-content\\\/uploads\\\/2025\\\/08\\\/28161503\\\/Screenshot-from-2025-08-28-16-14-23.png\",\"width\":255,\"height\":41,\"caption\":\"Coop Recyborg\"},\"image\":{\"@id\":\"https:\\\/\\\/recyborg.com\\\/#\\\/schema\\\/logo\\\/image\\\/\"},\"sameAs\":[\"https:\\\/\\\/www.facebook.com\\\/people\\\/Recyborg\\\/100057282436718\\\/\"]}]}<\/script>\n<!-- \/ Yoast SEO plugin. -->","yoast_head_json":{"title":"V\u00e9lo Vintage Fleetwing 10 vitesses 20\" - EXCELLENTE CONDITION - RECYBORG","description":"%","robots":{"index":"index","follow":"follow","max-snippet":"max-snippet:-1","max-image-preview":"max-image-preview:large","max-video-preview":"max-video-preview:-1"},"canonical":"https:\/\/recyborg.com\/fr\/shop\/velo\/velo-vintage-fleetwing-10-vitesses-20-excellente-condition\/","og_locale":"fr_CA","og_type":"article","og_title":"V\u00e9lo Vintage Fleetwing 10 vitesses 20\" - EXCELLENTE CONDITION - RECYBORG","og_description":"%","og_url":"https:\/\/recyborg.com\/fr\/shop\/velo\/velo-vintage-fleetwing-10-vitesses-20-excellente-condition\/","og_site_name":"RECYBORG","article_publisher":"https:\/\/www.facebook.com\/people\/Recyborg\/100057282436718\/","article_modified_time":"2026-04-28T17:20:20+00:00","og_image":[{"width":2016,"height":1512,"url":"https:\/\/recyborg-www.nyc3.digitaloceanspaces.com\/wp-content\/uploads\/2026\/01\/21120322\/IMG_0796.redimensionne.jpeg","type":"image\/jpeg"}],"twitter_card":"summary_large_image","schema":{"@context":"https:\/\/schema.org","@graph":[{"@type":"WebPage","@id":"https:\/\/recyborg.com\/shop\/velo\/velo-vintage-fleetwing-10-vitesses-20-excellente-condition\/","url":"https:\/\/recyborg.com\/shop\/velo\/velo-vintage-fleetwing-10-vitesses-20-excellente-condition\/","name":"V\u00e9lo Vintage Fleetwing 10 vitesses 20\" - EXCELLENTE CONDITION - RECYBORG","isPartOf":{"@id":"https:\/\/recyborg.com\/#website"},"primaryImageOfPage":{"@id":"https:\/\/recyborg.com\/shop\/velo\/velo-vintage-fleetwing-10-vitesses-20-excellente-condition\/#primaryimage"},"image":{"@id":"https:\/\/recyborg.com\/shop\/velo\/velo-vintage-fleetwing-10-vitesses-20-excellente-condition\/#primaryimage"},"thumbnailUrl":"https:\/\/recyborg-www.nyc3.digitaloceanspaces.com\/wp-content\/uploads\/2026\/01\/21120322\/IMG_0796.redimensionne.jpeg","datePublished":"2026-01-21T17:06:57+00:00","dateModified":"2026-04-28T17:20:20+00:00","description":"%","breadcrumb":{"@id":"https:\/\/recyborg.com\/shop\/velo\/velo-vintage-fleetwing-10-vitesses-20-excellente-condition\/#breadcrumb"},"inLanguage":"fr-CA","potentialAction":[{"@type":"ReadAction","target":["https:\/\/recyborg.com\/shop\/velo\/velo-vintage-fleetwing-10-vitesses-20-excellente-condition\/"]}]},{"@type":"ImageObject","inLanguage":"fr-CA","@id":"https:\/\/recyborg.com\/shop\/velo\/velo-vintage-fleetwing-10-vitesses-20-excellente-condition\/#primaryimage","url":"https:\/\/recyborg-www.nyc3.digitaloceanspaces.com\/wp-content\/uploads\/2026\/01\/21120322\/IMG_0796.redimensionne.jpeg","contentUrl":"https:\/\/recyborg-www.nyc3.digitaloceanspaces.com\/wp-content\/uploads\/2026\/01\/21120322\/IMG_0796.redimensionne.jpeg","width":2016,"height":1512},{"@type":"BreadcrumbList","@id":"https:\/\/recyborg.com\/shop\/velo\/velo-vintage-fleetwing-10-vitesses-20-excellente-condition\/#breadcrumb","itemListElement":[{"@type":"ListItem","position":1,"name":"Home","item":"https:\/\/recyborg.com\/"},{"@type":"ListItem","position":2,"name":"Inventory","item":"https:\/\/recyborg.com\/inventory\/"},{"@type":"ListItem","position":3,"name":"V\u00e9lo Vintage Fleetwing 10 vitesses 20&Prime; &#8211; EXCELLENTE CONDITION &#8211;"}]},{"@type":"WebSite","@id":"https:\/\/recyborg.com\/#website","url":"https:\/\/recyborg.com\/","name":"RECYBORG","description":"Ressourcerie et point de recyclage \u00e0 Montr\u00e9al","publisher":{"@id":"https:\/\/recyborg.com\/#organization"},"potentialAction":[{"@type":"SearchAction","target":{"@type":"EntryPoint","urlTemplate":"https:\/\/recyborg.com\/?s={search_term_string}"},"query-input":{"@type":"PropertyValueSpecification","valueRequired":true,"valueName":"search_term_string"}}],"inLanguage":"fr-CA"},{"@type":"Organization","@id":"https:\/\/recyborg.com\/#organization","name":"Coop Recyborg","url":"https:\/\/recyborg.com\/","logo":{"@type":"ImageObject","inLanguage":"fr-CA","@id":"https:\/\/recyborg.com\/#\/schema\/logo\/image\/","url":"https:\/\/recyborg-www.nyc3.digitaloceanspaces.com\/wp-content\/uploads\/2025\/08\/28161503\/Screenshot-from-2025-08-28-16-14-23.png","contentUrl":"https:\/\/recyborg-www.nyc3.digitaloceanspaces.com\/wp-content\/uploads\/2025\/08\/28161503\/Screenshot-from-2025-08-28-16-14-23.png","width":255,"height":41,"caption":"Coop Recyborg"},"image":{"@id":"https:\/\/recyborg.com\/#\/schema\/logo\/image\/"},"sameAs":["https:\/\/www.facebook.com\/people\/Recyborg\/100057282436718\/"]}]}},"_links":{"self":[{"href":"https:\/\/recyborg.com\/fr\/wp-json\/wp\/v2\/product\/224910","targetHints":{"allow":["GET"]}}],"collection":[{"href":"https:\/\/recyborg.com\/fr\/wp-json\/wp\/v2\/product"}],"about":[{"href":"https:\/\/recyborg.com\/fr\/wp-json\/wp\/v2\/types\/product"}],"author":[{"embeddable":true,"href":"https:\/\/recyborg.com\/fr\/wp-json\/wp\/v2\/users\/21"}],"wp:featuredmedia":[{"embeddable":true,"href":"https:\/\/recyborg.com\/fr\/wp-json\/wp\/v2\/media\/224912"}],"wp:attachment":[{"href":"https:\/\/recyborg.com\/fr\/wp-json\/wp\/v2\/media?parent=224910"}],"wp:term":[{"taxonomy":"product_brand","embeddable":true,"href":"https:\/\/recyborg.com\/fr\/wp-json\/wp\/v2\/product_brand?post=224910"},{"taxonomy":"product_cat","embeddable":true,"href":"https:\/\/recyborg.com\/fr\/wp-json\/wp\/v2\/product_cat?post=224910"},{"taxonomy":"product_tag","embeddable":true,"href":"https:\/\/recyborg.com\/fr\/wp-json\/wp\/v2\/product_tag?post=224910"}],"curies":[{"name":"wp","href":"https:\/\/api.w.org\/{rel}","templated":true}]}}