{"id":225502,"date":"2026-01-21T16:22:03","date_gmt":"2026-01-21T21:22:03","guid":{"rendered":"https:\/\/recyborg.com\/?post_type=product&#038;p=225502"},"modified":"2026-02-04T17:52:11","modified_gmt":"2026-02-04T22:52:11","slug":"ecran-de-projecteur-motorise-targa-modele-tar-28-703324-pas-de-telecommande-pas-teste","status":"publish","type":"product","link":"https:\/\/recyborg.com\/fr\/shop\/audio-video\/ecran-de-projecteur-motorise-targa-modele-tar-28-703324-pas-de-telecommande-pas-teste\/","title":{"rendered":"\u00c9cran de projecteur motoris\u00e9 TARGA mod\u00e8le TAR-28-703324 \u2013 Pas de t\u00e9l\u00e9commande \u2013 Non test\u00e9"},"content":{"rendered":"","protected":false},"excerpt":{"rendered":"","protected":false},"author":11,"featured_media":225401,"template":"","meta":{"_acf_changed":false,"iawp_total_views":6},"product_brand":[],"product_cat":[77],"product_tag":[],"class_list":{"0":"post-225502","1":"product","2":"type-product","3":"status-publish","4":"has-post-thumbnail","6":"product_cat-audio-video","7":"product_shipping_class-encombrant","9":"first","10":"instock","11":"taxable","12":"shipping-taxable","13":"purchasable","14":"product-type-simple"},"acf":[],"yoast_head":"<!-- This site is optimized with the Yoast SEO plugin v27.6 - https:\/\/yoast.com\/product\/yoast-seo-wordpress\/ -->\n<title>\u00c9cran de projecteur motoris\u00e9 TARGA mod\u00e8le TAR-28-703324 - Pas de t\u00e9l\u00e9commande - Pas test\u00e9 - RECYBORG<\/title>\n<meta name=\"description\" content=\"%\" \/>\n<meta name=\"robots\" content=\"index, follow, max-snippet:-1, max-image-preview:large, max-video-preview:-1\" \/>\n<link rel=\"canonical\" href=\"https:\/\/recyborg.com\/fr\/shop\/materiel-audio-video\/ecran-de-projecteur-motorise-targa-modele-tar-28-703324-pas-de-telecommande-pas-teste\/\" \/>\n<meta property=\"og:locale\" content=\"fr_CA\" \/>\n<meta property=\"og:type\" content=\"article\" \/>\n<meta property=\"og:title\" content=\"\u00c9cran de projecteur motoris\u00e9 TARGA mod\u00e8le TAR-28-703324 - Pas de t\u00e9l\u00e9commande - Pas test\u00e9 - RECYBORG\" \/>\n<meta property=\"og:description\" content=\"%\" \/>\n<meta property=\"og:url\" content=\"https:\/\/recyborg.com\/fr\/shop\/materiel-audio-video\/ecran-de-projecteur-motorise-targa-modele-tar-28-703324-pas-de-telecommande-pas-teste\/\" \/>\n<meta property=\"og:site_name\" content=\"RECYBORG\" \/>\n<meta property=\"article:publisher\" content=\"https:\/\/www.facebook.com\/people\/Recyborg\/100057282436718\/\" \/>\n<meta property=\"article:modified_time\" content=\"2026-02-04T22:52:11+00:00\" \/>\n<meta property=\"og:image\" content=\"https:\/\/recyborg-www.nyc3.digitaloceanspaces.com\/wp-content\/uploads\/2026\/01\/21154859\/IMG_20260121_150022-scaled.jpg\" \/>\n\t<meta property=\"og:image:width\" content=\"2560\" \/>\n\t<meta property=\"og:image:height\" content=\"1920\" \/>\n\t<meta property=\"og:image:type\" content=\"image\/jpeg\" \/>\n<meta name=\"twitter:card\" content=\"summary_large_image\" \/>\n<script type=\"application\/ld+json\" class=\"yoast-schema-graph\">{\"@context\":\"https:\\\/\\\/schema.org\",\"@graph\":[{\"@type\":\"WebPage\",\"@id\":\"https:\\\/\\\/recyborg.com\\\/shop\\\/materiel-audio-video\\\/ecran-de-projecteur-motorise-targa-modele-tar-28-703324-pas-de-telecommande-pas-teste\\\/\",\"url\":\"https:\\\/\\\/recyborg.com\\\/shop\\\/materiel-audio-video\\\/ecran-de-projecteur-motorise-targa-modele-tar-28-703324-pas-de-telecommande-pas-teste\\\/\",\"name\":\"\u00c9cran de projecteur motoris\u00e9 TARGA mod\u00e8le TAR-28-703324 - Pas de t\u00e9l\u00e9commande - Pas test\u00e9 - RECYBORG\",\"isPartOf\":{\"@id\":\"https:\\\/\\\/recyborg.com\\\/#website\"},\"primaryImageOfPage\":{\"@id\":\"https:\\\/\\\/recyborg.com\\\/shop\\\/materiel-audio-video\\\/ecran-de-projecteur-motorise-targa-modele-tar-28-703324-pas-de-telecommande-pas-teste\\\/#primaryimage\"},\"image\":{\"@id\":\"https:\\\/\\\/recyborg.com\\\/shop\\\/materiel-audio-video\\\/ecran-de-projecteur-motorise-targa-modele-tar-28-703324-pas-de-telecommande-pas-teste\\\/#primaryimage\"},\"thumbnailUrl\":\"https:\\\/\\\/recyborg-www.nyc3.digitaloceanspaces.com\\\/wp-content\\\/uploads\\\/2026\\\/01\\\/21154859\\\/IMG_20260121_150022-scaled.jpg\",\"datePublished\":\"2026-01-21T21:22:03+00:00\",\"dateModified\":\"2026-02-04T22:52:11+00:00\",\"description\":\"%\",\"breadcrumb\":{\"@id\":\"https:\\\/\\\/recyborg.com\\\/shop\\\/materiel-audio-video\\\/ecran-de-projecteur-motorise-targa-modele-tar-28-703324-pas-de-telecommande-pas-teste\\\/#breadcrumb\"},\"inLanguage\":\"fr-CA\",\"potentialAction\":[{\"@type\":\"ReadAction\",\"target\":[\"https:\\\/\\\/recyborg.com\\\/shop\\\/materiel-audio-video\\\/ecran-de-projecteur-motorise-targa-modele-tar-28-703324-pas-de-telecommande-pas-teste\\\/\"]}]},{\"@type\":\"ImageObject\",\"inLanguage\":\"fr-CA\",\"@id\":\"https:\\\/\\\/recyborg.com\\\/shop\\\/materiel-audio-video\\\/ecran-de-projecteur-motorise-targa-modele-tar-28-703324-pas-de-telecommande-pas-teste\\\/#primaryimage\",\"url\":\"https:\\\/\\\/recyborg-www.nyc3.digitaloceanspaces.com\\\/wp-content\\\/uploads\\\/2026\\\/01\\\/21154859\\\/IMG_20260121_150022-scaled.jpg\",\"contentUrl\":\"https:\\\/\\\/recyborg-www.nyc3.digitaloceanspaces.com\\\/wp-content\\\/uploads\\\/2026\\\/01\\\/21154859\\\/IMG_20260121_150022-scaled.jpg\",\"width\":2560,\"height\":1920},{\"@type\":\"BreadcrumbList\",\"@id\":\"https:\\\/\\\/recyborg.com\\\/shop\\\/materiel-audio-video\\\/ecran-de-projecteur-motorise-targa-modele-tar-28-703324-pas-de-telecommande-pas-teste\\\/#breadcrumb\",\"itemListElement\":[{\"@type\":\"ListItem\",\"position\":1,\"name\":\"Home\",\"item\":\"https:\\\/\\\/recyborg.com\\\/\"},{\"@type\":\"ListItem\",\"position\":2,\"name\":\"Inventory\",\"item\":\"https:\\\/\\\/recyborg.com\\\/inventory\\\/\"},{\"@type\":\"ListItem\",\"position\":3,\"name\":\"\u00c9cran de projecteur motoris\u00e9 TARGA mod\u00e8le TAR-28-703324 &#8211; Pas de t\u00e9l\u00e9commande &#8211; Pas test\u00e9\"}]},{\"@type\":\"WebSite\",\"@id\":\"https:\\\/\\\/recyborg.com\\\/#website\",\"url\":\"https:\\\/\\\/recyborg.com\\\/\",\"name\":\"RECYBORG\",\"description\":\"Ressourcerie et point de recyclage \u00e0 Montr\u00e9al\",\"publisher\":{\"@id\":\"https:\\\/\\\/recyborg.com\\\/#organization\"},\"potentialAction\":[{\"@type\":\"SearchAction\",\"target\":{\"@type\":\"EntryPoint\",\"urlTemplate\":\"https:\\\/\\\/recyborg.com\\\/?s={search_term_string}\"},\"query-input\":{\"@type\":\"PropertyValueSpecification\",\"valueRequired\":true,\"valueName\":\"search_term_string\"}}],\"inLanguage\":\"fr-CA\"},{\"@type\":\"Organization\",\"@id\":\"https:\\\/\\\/recyborg.com\\\/#organization\",\"name\":\"Coop Recyborg\",\"url\":\"https:\\\/\\\/recyborg.com\\\/\",\"logo\":{\"@type\":\"ImageObject\",\"inLanguage\":\"fr-CA\",\"@id\":\"https:\\\/\\\/recyborg.com\\\/#\\\/schema\\\/logo\\\/image\\\/\",\"url\":\"https:\\\/\\\/recyborg-www.nyc3.digitaloceanspaces.com\\\/wp-content\\\/uploads\\\/2025\\\/08\\\/28161503\\\/Screenshot-from-2025-08-28-16-14-23.png\",\"contentUrl\":\"https:\\\/\\\/recyborg-www.nyc3.digitaloceanspaces.com\\\/wp-content\\\/uploads\\\/2025\\\/08\\\/28161503\\\/Screenshot-from-2025-08-28-16-14-23.png\",\"width\":255,\"height\":41,\"caption\":\"Coop Recyborg\"},\"image\":{\"@id\":\"https:\\\/\\\/recyborg.com\\\/#\\\/schema\\\/logo\\\/image\\\/\"},\"sameAs\":[\"https:\\\/\\\/www.facebook.com\\\/people\\\/Recyborg\\\/100057282436718\\\/\"]}]}<\/script>\n<!-- \/ Yoast SEO plugin. -->","yoast_head_json":{"title":"\u00c9cran de projecteur motoris\u00e9 TARGA mod\u00e8le TAR-28-703324 - Pas de t\u00e9l\u00e9commande - Pas test\u00e9 - RECYBORG","description":"%","robots":{"index":"index","follow":"follow","max-snippet":"max-snippet:-1","max-image-preview":"max-image-preview:large","max-video-preview":"max-video-preview:-1"},"canonical":"https:\/\/recyborg.com\/fr\/shop\/materiel-audio-video\/ecran-de-projecteur-motorise-targa-modele-tar-28-703324-pas-de-telecommande-pas-teste\/","og_locale":"fr_CA","og_type":"article","og_title":"\u00c9cran de projecteur motoris\u00e9 TARGA mod\u00e8le TAR-28-703324 - Pas de t\u00e9l\u00e9commande - Pas test\u00e9 - RECYBORG","og_description":"%","og_url":"https:\/\/recyborg.com\/fr\/shop\/materiel-audio-video\/ecran-de-projecteur-motorise-targa-modele-tar-28-703324-pas-de-telecommande-pas-teste\/","og_site_name":"RECYBORG","article_publisher":"https:\/\/www.facebook.com\/people\/Recyborg\/100057282436718\/","article_modified_time":"2026-02-04T22:52:11+00:00","og_image":[{"width":2560,"height":1920,"url":"https:\/\/recyborg-www.nyc3.digitaloceanspaces.com\/wp-content\/uploads\/2026\/01\/21154859\/IMG_20260121_150022-scaled.jpg","type":"image\/jpeg"}],"twitter_card":"summary_large_image","schema":{"@context":"https:\/\/schema.org","@graph":[{"@type":"WebPage","@id":"https:\/\/recyborg.com\/shop\/materiel-audio-video\/ecran-de-projecteur-motorise-targa-modele-tar-28-703324-pas-de-telecommande-pas-teste\/","url":"https:\/\/recyborg.com\/shop\/materiel-audio-video\/ecran-de-projecteur-motorise-targa-modele-tar-28-703324-pas-de-telecommande-pas-teste\/","name":"\u00c9cran de projecteur motoris\u00e9 TARGA mod\u00e8le TAR-28-703324 - Pas de t\u00e9l\u00e9commande - Pas test\u00e9 - RECYBORG","isPartOf":{"@id":"https:\/\/recyborg.com\/#website"},"primaryImageOfPage":{"@id":"https:\/\/recyborg.com\/shop\/materiel-audio-video\/ecran-de-projecteur-motorise-targa-modele-tar-28-703324-pas-de-telecommande-pas-teste\/#primaryimage"},"image":{"@id":"https:\/\/recyborg.com\/shop\/materiel-audio-video\/ecran-de-projecteur-motorise-targa-modele-tar-28-703324-pas-de-telecommande-pas-teste\/#primaryimage"},"thumbnailUrl":"https:\/\/recyborg-www.nyc3.digitaloceanspaces.com\/wp-content\/uploads\/2026\/01\/21154859\/IMG_20260121_150022-scaled.jpg","datePublished":"2026-01-21T21:22:03+00:00","dateModified":"2026-02-04T22:52:11+00:00","description":"%","breadcrumb":{"@id":"https:\/\/recyborg.com\/shop\/materiel-audio-video\/ecran-de-projecteur-motorise-targa-modele-tar-28-703324-pas-de-telecommande-pas-teste\/#breadcrumb"},"inLanguage":"fr-CA","potentialAction":[{"@type":"ReadAction","target":["https:\/\/recyborg.com\/shop\/materiel-audio-video\/ecran-de-projecteur-motorise-targa-modele-tar-28-703324-pas-de-telecommande-pas-teste\/"]}]},{"@type":"ImageObject","inLanguage":"fr-CA","@id":"https:\/\/recyborg.com\/shop\/materiel-audio-video\/ecran-de-projecteur-motorise-targa-modele-tar-28-703324-pas-de-telecommande-pas-teste\/#primaryimage","url":"https:\/\/recyborg-www.nyc3.digitaloceanspaces.com\/wp-content\/uploads\/2026\/01\/21154859\/IMG_20260121_150022-scaled.jpg","contentUrl":"https:\/\/recyborg-www.nyc3.digitaloceanspaces.com\/wp-content\/uploads\/2026\/01\/21154859\/IMG_20260121_150022-scaled.jpg","width":2560,"height":1920},{"@type":"BreadcrumbList","@id":"https:\/\/recyborg.com\/shop\/materiel-audio-video\/ecran-de-projecteur-motorise-targa-modele-tar-28-703324-pas-de-telecommande-pas-teste\/#breadcrumb","itemListElement":[{"@type":"ListItem","position":1,"name":"Home","item":"https:\/\/recyborg.com\/"},{"@type":"ListItem","position":2,"name":"Inventory","item":"https:\/\/recyborg.com\/inventory\/"},{"@type":"ListItem","position":3,"name":"\u00c9cran de projecteur motoris\u00e9 TARGA mod\u00e8le TAR-28-703324 &#8211; Pas de t\u00e9l\u00e9commande &#8211; Pas test\u00e9"}]},{"@type":"WebSite","@id":"https:\/\/recyborg.com\/#website","url":"https:\/\/recyborg.com\/","name":"RECYBORG","description":"Ressourcerie et point de recyclage \u00e0 Montr\u00e9al","publisher":{"@id":"https:\/\/recyborg.com\/#organization"},"potentialAction":[{"@type":"SearchAction","target":{"@type":"EntryPoint","urlTemplate":"https:\/\/recyborg.com\/?s={search_term_string}"},"query-input":{"@type":"PropertyValueSpecification","valueRequired":true,"valueName":"search_term_string"}}],"inLanguage":"fr-CA"},{"@type":"Organization","@id":"https:\/\/recyborg.com\/#organization","name":"Coop Recyborg","url":"https:\/\/recyborg.com\/","logo":{"@type":"ImageObject","inLanguage":"fr-CA","@id":"https:\/\/recyborg.com\/#\/schema\/logo\/image\/","url":"https:\/\/recyborg-www.nyc3.digitaloceanspaces.com\/wp-content\/uploads\/2025\/08\/28161503\/Screenshot-from-2025-08-28-16-14-23.png","contentUrl":"https:\/\/recyborg-www.nyc3.digitaloceanspaces.com\/wp-content\/uploads\/2025\/08\/28161503\/Screenshot-from-2025-08-28-16-14-23.png","width":255,"height":41,"caption":"Coop Recyborg"},"image":{"@id":"https:\/\/recyborg.com\/#\/schema\/logo\/image\/"},"sameAs":["https:\/\/www.facebook.com\/people\/Recyborg\/100057282436718\/"]}]}},"_links":{"self":[{"href":"https:\/\/recyborg.com\/fr\/wp-json\/wp\/v2\/product\/225502","targetHints":{"allow":["GET"]}}],"collection":[{"href":"https:\/\/recyborg.com\/fr\/wp-json\/wp\/v2\/product"}],"about":[{"href":"https:\/\/recyborg.com\/fr\/wp-json\/wp\/v2\/types\/product"}],"author":[{"embeddable":true,"href":"https:\/\/recyborg.com\/fr\/wp-json\/wp\/v2\/users\/11"}],"wp:featuredmedia":[{"embeddable":true,"href":"https:\/\/recyborg.com\/fr\/wp-json\/wp\/v2\/media\/225401"}],"wp:attachment":[{"href":"https:\/\/recyborg.com\/fr\/wp-json\/wp\/v2\/media?parent=225502"}],"wp:term":[{"taxonomy":"product_brand","embeddable":true,"href":"https:\/\/recyborg.com\/fr\/wp-json\/wp\/v2\/product_brand?post=225502"},{"taxonomy":"product_cat","embeddable":true,"href":"https:\/\/recyborg.com\/fr\/wp-json\/wp\/v2\/product_cat?post=225502"},{"taxonomy":"product_tag","embeddable":true,"href":"https:\/\/recyborg.com\/fr\/wp-json\/wp\/v2\/product_tag?post=225502"}],"curies":[{"name":"wp","href":"https:\/\/api.w.org\/{rel}","templated":true}]}}