{"id":246763,"date":"2026-04-21T16:52:07","date_gmt":"2026-04-21T20:52:07","guid":{"rendered":"https:\/\/recyborg.com\/?post_type=product&#038;p=246763"},"modified":"2026-04-21T16:52:08","modified_gmt":"2026-04-21T20:52:08","slug":"elidy-splitter-light-control-box-4-pins-dmx","status":"publish","type":"product","link":"https:\/\/recyborg.com\/fr\/shop\/audio-video\/elidy-splitter-light-control-box-4-pins-dmx\/","title":{"rendered":"Splitter Elidy \u2013 bo\u00eetier de contr\u00f4le de lumi\u00e8re \u2013 4 broches DMX"},"content":{"rendered":"","protected":false},"excerpt":{"rendered":"","protected":false},"author":16,"featured_media":246789,"template":"","meta":{"_acf_changed":false,"iawp_total_views":5},"product_brand":[],"product_cat":[77],"product_tag":[],"class_list":{"0":"post-246763","1":"product","2":"type-product","3":"status-publish","4":"has-post-thumbnail","6":"product_cat-audio-video","8":"first","9":"instock","10":"taxable","11":"shipping-taxable","12":"purchasable","13":"product-type-simple"},"acf":[],"yoast_head":"<!-- This site is optimized with the Yoast SEO plugin v27.6 - https:\/\/yoast.com\/product\/yoast-seo-wordpress\/ -->\n<title>Elidy splitter - light control box - 4 pins DMX - RECYBORG<\/title>\n<meta name=\"description\" content=\"%\" \/>\n<meta name=\"robots\" content=\"index, follow, max-snippet:-1, max-image-preview:large, max-video-preview:-1\" \/>\n<link rel=\"canonical\" href=\"https:\/\/recyborg.com\/fr\/shop\/materiel-audio-video\/elidy-splitter-light-control-box-4-pins-dmx\/\" \/>\n<meta property=\"og:locale\" content=\"fr_CA\" \/>\n<meta property=\"og:type\" content=\"article\" \/>\n<meta property=\"og:title\" content=\"Elidy splitter - light control box - 4 pins DMX - RECYBORG\" \/>\n<meta property=\"og:description\" content=\"%\" \/>\n<meta property=\"og:url\" content=\"https:\/\/recyborg.com\/fr\/shop\/materiel-audio-video\/elidy-splitter-light-control-box-4-pins-dmx\/\" \/>\n<meta property=\"og:site_name\" content=\"RECYBORG\" \/>\n<meta property=\"article:publisher\" content=\"https:\/\/www.facebook.com\/people\/Recyborg\/100057282436718\/\" \/>\n<meta property=\"article:modified_time\" content=\"2026-04-21T20:52:08+00:00\" \/>\n<meta property=\"og:image\" content=\"https:\/\/recyborg-www.nyc3.digitaloceanspaces.com\/wp-content\/uploads\/2026\/04\/21164147\/20260421_161919-scaled.jpg\" \/>\n\t<meta property=\"og:image:width\" content=\"2560\" \/>\n\t<meta property=\"og:image:height\" content=\"2560\" \/>\n\t<meta property=\"og:image:type\" content=\"image\/jpeg\" \/>\n<meta name=\"twitter:card\" content=\"summary_large_image\" \/>\n<script type=\"application\/ld+json\" class=\"yoast-schema-graph\">{\"@context\":\"https:\\\/\\\/schema.org\",\"@graph\":[{\"@type\":\"WebPage\",\"@id\":\"https:\\\/\\\/recyborg.com\\\/shop\\\/materiel-audio-video\\\/elidy-splitter-light-control-box-4-pins-dmx\\\/\",\"url\":\"https:\\\/\\\/recyborg.com\\\/shop\\\/materiel-audio-video\\\/elidy-splitter-light-control-box-4-pins-dmx\\\/\",\"name\":\"Elidy splitter - light control box - 4 pins DMX - RECYBORG\",\"isPartOf\":{\"@id\":\"https:\\\/\\\/recyborg.com\\\/#website\"},\"primaryImageOfPage\":{\"@id\":\"https:\\\/\\\/recyborg.com\\\/shop\\\/materiel-audio-video\\\/elidy-splitter-light-control-box-4-pins-dmx\\\/#primaryimage\"},\"image\":{\"@id\":\"https:\\\/\\\/recyborg.com\\\/shop\\\/materiel-audio-video\\\/elidy-splitter-light-control-box-4-pins-dmx\\\/#primaryimage\"},\"thumbnailUrl\":\"https:\\\/\\\/recyborg-www.nyc3.digitaloceanspaces.com\\\/wp-content\\\/uploads\\\/2026\\\/04\\\/21164147\\\/20260421_161919-scaled.jpg\",\"datePublished\":\"2026-04-21T20:52:07+00:00\",\"dateModified\":\"2026-04-21T20:52:08+00:00\",\"description\":\"%\",\"breadcrumb\":{\"@id\":\"https:\\\/\\\/recyborg.com\\\/shop\\\/materiel-audio-video\\\/elidy-splitter-light-control-box-4-pins-dmx\\\/#breadcrumb\"},\"inLanguage\":\"fr-CA\",\"potentialAction\":[{\"@type\":\"ReadAction\",\"target\":[\"https:\\\/\\\/recyborg.com\\\/shop\\\/materiel-audio-video\\\/elidy-splitter-light-control-box-4-pins-dmx\\\/\"]}]},{\"@type\":\"ImageObject\",\"inLanguage\":\"fr-CA\",\"@id\":\"https:\\\/\\\/recyborg.com\\\/shop\\\/materiel-audio-video\\\/elidy-splitter-light-control-box-4-pins-dmx\\\/#primaryimage\",\"url\":\"https:\\\/\\\/recyborg-www.nyc3.digitaloceanspaces.com\\\/wp-content\\\/uploads\\\/2026\\\/04\\\/21164147\\\/20260421_161919-scaled.jpg\",\"contentUrl\":\"https:\\\/\\\/recyborg-www.nyc3.digitaloceanspaces.com\\\/wp-content\\\/uploads\\\/2026\\\/04\\\/21164147\\\/20260421_161919-scaled.jpg\",\"width\":2560,\"height\":2560},{\"@type\":\"BreadcrumbList\",\"@id\":\"https:\\\/\\\/recyborg.com\\\/shop\\\/materiel-audio-video\\\/elidy-splitter-light-control-box-4-pins-dmx\\\/#breadcrumb\",\"itemListElement\":[{\"@type\":\"ListItem\",\"position\":1,\"name\":\"Home\",\"item\":\"https:\\\/\\\/recyborg.com\\\/\"},{\"@type\":\"ListItem\",\"position\":2,\"name\":\"Inventory\",\"item\":\"https:\\\/\\\/recyborg.com\\\/inventory\\\/\"},{\"@type\":\"ListItem\",\"position\":3,\"name\":\"Elidy splitter &#8211; light control box &#8211; 4 pins DMX\"}]},{\"@type\":\"WebSite\",\"@id\":\"https:\\\/\\\/recyborg.com\\\/#website\",\"url\":\"https:\\\/\\\/recyborg.com\\\/\",\"name\":\"RECYBORG\",\"description\":\"Ressourcerie et point de recyclage \u00e0 Montr\u00e9al\",\"publisher\":{\"@id\":\"https:\\\/\\\/recyborg.com\\\/#organization\"},\"potentialAction\":[{\"@type\":\"SearchAction\",\"target\":{\"@type\":\"EntryPoint\",\"urlTemplate\":\"https:\\\/\\\/recyborg.com\\\/?s={search_term_string}\"},\"query-input\":{\"@type\":\"PropertyValueSpecification\",\"valueRequired\":true,\"valueName\":\"search_term_string\"}}],\"inLanguage\":\"fr-CA\"},{\"@type\":\"Organization\",\"@id\":\"https:\\\/\\\/recyborg.com\\\/#organization\",\"name\":\"Coop Recyborg\",\"url\":\"https:\\\/\\\/recyborg.com\\\/\",\"logo\":{\"@type\":\"ImageObject\",\"inLanguage\":\"fr-CA\",\"@id\":\"https:\\\/\\\/recyborg.com\\\/#\\\/schema\\\/logo\\\/image\\\/\",\"url\":\"https:\\\/\\\/recyborg-www.nyc3.digitaloceanspaces.com\\\/wp-content\\\/uploads\\\/2025\\\/08\\\/28161503\\\/Screenshot-from-2025-08-28-16-14-23.png\",\"contentUrl\":\"https:\\\/\\\/recyborg-www.nyc3.digitaloceanspaces.com\\\/wp-content\\\/uploads\\\/2025\\\/08\\\/28161503\\\/Screenshot-from-2025-08-28-16-14-23.png\",\"width\":255,\"height\":41,\"caption\":\"Coop Recyborg\"},\"image\":{\"@id\":\"https:\\\/\\\/recyborg.com\\\/#\\\/schema\\\/logo\\\/image\\\/\"},\"sameAs\":[\"https:\\\/\\\/www.facebook.com\\\/people\\\/Recyborg\\\/100057282436718\\\/\"]}]}<\/script>\n<!-- \/ Yoast SEO plugin. -->","yoast_head_json":{"title":"Elidy splitter - light control box - 4 pins DMX - RECYBORG","description":"%","robots":{"index":"index","follow":"follow","max-snippet":"max-snippet:-1","max-image-preview":"max-image-preview:large","max-video-preview":"max-video-preview:-1"},"canonical":"https:\/\/recyborg.com\/fr\/shop\/materiel-audio-video\/elidy-splitter-light-control-box-4-pins-dmx\/","og_locale":"fr_CA","og_type":"article","og_title":"Elidy splitter - light control box - 4 pins DMX - RECYBORG","og_description":"%","og_url":"https:\/\/recyborg.com\/fr\/shop\/materiel-audio-video\/elidy-splitter-light-control-box-4-pins-dmx\/","og_site_name":"RECYBORG","article_publisher":"https:\/\/www.facebook.com\/people\/Recyborg\/100057282436718\/","article_modified_time":"2026-04-21T20:52:08+00:00","og_image":[{"width":2560,"height":2560,"url":"https:\/\/recyborg-www.nyc3.digitaloceanspaces.com\/wp-content\/uploads\/2026\/04\/21164147\/20260421_161919-scaled.jpg","type":"image\/jpeg"}],"twitter_card":"summary_large_image","schema":{"@context":"https:\/\/schema.org","@graph":[{"@type":"WebPage","@id":"https:\/\/recyborg.com\/shop\/materiel-audio-video\/elidy-splitter-light-control-box-4-pins-dmx\/","url":"https:\/\/recyborg.com\/shop\/materiel-audio-video\/elidy-splitter-light-control-box-4-pins-dmx\/","name":"Elidy splitter - light control box - 4 pins DMX - RECYBORG","isPartOf":{"@id":"https:\/\/recyborg.com\/#website"},"primaryImageOfPage":{"@id":"https:\/\/recyborg.com\/shop\/materiel-audio-video\/elidy-splitter-light-control-box-4-pins-dmx\/#primaryimage"},"image":{"@id":"https:\/\/recyborg.com\/shop\/materiel-audio-video\/elidy-splitter-light-control-box-4-pins-dmx\/#primaryimage"},"thumbnailUrl":"https:\/\/recyborg-www.nyc3.digitaloceanspaces.com\/wp-content\/uploads\/2026\/04\/21164147\/20260421_161919-scaled.jpg","datePublished":"2026-04-21T20:52:07+00:00","dateModified":"2026-04-21T20:52:08+00:00","description":"%","breadcrumb":{"@id":"https:\/\/recyborg.com\/shop\/materiel-audio-video\/elidy-splitter-light-control-box-4-pins-dmx\/#breadcrumb"},"inLanguage":"fr-CA","potentialAction":[{"@type":"ReadAction","target":["https:\/\/recyborg.com\/shop\/materiel-audio-video\/elidy-splitter-light-control-box-4-pins-dmx\/"]}]},{"@type":"ImageObject","inLanguage":"fr-CA","@id":"https:\/\/recyborg.com\/shop\/materiel-audio-video\/elidy-splitter-light-control-box-4-pins-dmx\/#primaryimage","url":"https:\/\/recyborg-www.nyc3.digitaloceanspaces.com\/wp-content\/uploads\/2026\/04\/21164147\/20260421_161919-scaled.jpg","contentUrl":"https:\/\/recyborg-www.nyc3.digitaloceanspaces.com\/wp-content\/uploads\/2026\/04\/21164147\/20260421_161919-scaled.jpg","width":2560,"height":2560},{"@type":"BreadcrumbList","@id":"https:\/\/recyborg.com\/shop\/materiel-audio-video\/elidy-splitter-light-control-box-4-pins-dmx\/#breadcrumb","itemListElement":[{"@type":"ListItem","position":1,"name":"Home","item":"https:\/\/recyborg.com\/"},{"@type":"ListItem","position":2,"name":"Inventory","item":"https:\/\/recyborg.com\/inventory\/"},{"@type":"ListItem","position":3,"name":"Elidy splitter &#8211; light control box &#8211; 4 pins DMX"}]},{"@type":"WebSite","@id":"https:\/\/recyborg.com\/#website","url":"https:\/\/recyborg.com\/","name":"RECYBORG","description":"Ressourcerie et point de recyclage \u00e0 Montr\u00e9al","publisher":{"@id":"https:\/\/recyborg.com\/#organization"},"potentialAction":[{"@type":"SearchAction","target":{"@type":"EntryPoint","urlTemplate":"https:\/\/recyborg.com\/?s={search_term_string}"},"query-input":{"@type":"PropertyValueSpecification","valueRequired":true,"valueName":"search_term_string"}}],"inLanguage":"fr-CA"},{"@type":"Organization","@id":"https:\/\/recyborg.com\/#organization","name":"Coop Recyborg","url":"https:\/\/recyborg.com\/","logo":{"@type":"ImageObject","inLanguage":"fr-CA","@id":"https:\/\/recyborg.com\/#\/schema\/logo\/image\/","url":"https:\/\/recyborg-www.nyc3.digitaloceanspaces.com\/wp-content\/uploads\/2025\/08\/28161503\/Screenshot-from-2025-08-28-16-14-23.png","contentUrl":"https:\/\/recyborg-www.nyc3.digitaloceanspaces.com\/wp-content\/uploads\/2025\/08\/28161503\/Screenshot-from-2025-08-28-16-14-23.png","width":255,"height":41,"caption":"Coop Recyborg"},"image":{"@id":"https:\/\/recyborg.com\/#\/schema\/logo\/image\/"},"sameAs":["https:\/\/www.facebook.com\/people\/Recyborg\/100057282436718\/"]}]}},"_links":{"self":[{"href":"https:\/\/recyborg.com\/fr\/wp-json\/wp\/v2\/product\/246763","targetHints":{"allow":["GET"]}}],"collection":[{"href":"https:\/\/recyborg.com\/fr\/wp-json\/wp\/v2\/product"}],"about":[{"href":"https:\/\/recyborg.com\/fr\/wp-json\/wp\/v2\/types\/product"}],"author":[{"embeddable":true,"href":"https:\/\/recyborg.com\/fr\/wp-json\/wp\/v2\/users\/16"}],"wp:featuredmedia":[{"embeddable":true,"href":"https:\/\/recyborg.com\/fr\/wp-json\/wp\/v2\/media\/246789"}],"wp:attachment":[{"href":"https:\/\/recyborg.com\/fr\/wp-json\/wp\/v2\/media?parent=246763"}],"wp:term":[{"taxonomy":"product_brand","embeddable":true,"href":"https:\/\/recyborg.com\/fr\/wp-json\/wp\/v2\/product_brand?post=246763"},{"taxonomy":"product_cat","embeddable":true,"href":"https:\/\/recyborg.com\/fr\/wp-json\/wp\/v2\/product_cat?post=246763"},{"taxonomy":"product_tag","embeddable":true,"href":"https:\/\/recyborg.com\/fr\/wp-json\/wp\/v2\/product_tag?post=246763"}],"curies":[{"name":"wp","href":"https:\/\/api.w.org\/{rel}","templated":true}]}}