{"id":25372,"date":"2021-11-11T13:05:56","date_gmt":"2021-11-11T18:05:56","guid":{"rendered":"https:\/\/recyborg.com\/?post_type=product&#038;p=25372"},"modified":"2024-11-25T18:56:37","modified_gmt":"2024-11-25T23:56:37","slug":"presentoire-a-tablette-en-acier-et-bois-recycle","status":"publish","type":"product","link":"https:\/\/recyborg.com\/fr\/shop\/furniture\/presentoire-a-tablette-en-acier-et-bois-recycle\/","title":{"rendered":"\u00c9tag\u00e8re - pr\u00e9sentoir \u00e0 tablettes en acier et bois recycl\u00e9"},"content":{"rendered":"<p>RECYBORG est une ressourcerie dont la mission est de d\u00e9tourner des rebuts des sites d\u2019enfouissement et de la ferraille en privil\u00e9giant le r\u00e9emploi local.<\/p>\n<p>Le meuble a \u00e9t\u00e9 construit a notre atelier enti\u00e8rement \u00e0 partir de mat\u00e9riaux recycl\u00e9s. Tr\u00e8s solide et les pattes sont ajustables pour mettre de niveau.<\/p>\n<p>74\u2033 de haut par 37\u2033 de large par 18.5 de profondeur.<\/p>","protected":false},"excerpt":{"rendered":"<p>RECYBORG est une ressourcerie dont la mission est de d\u00e9tourner des rebuts des sites d\u2019enfouissement et de la ferraille en privil\u00e9giant le r\u00e9emploi local. Le meuble a \u00e9t\u00e9 construit a notre atelier enti\u00e8rement \u00e0 partir de mat\u00e9riaux recycl\u00e9s. Tr\u00e8s solide et les pattes sont ajustables pour mettre de niveau. 74\u2033 de haut par 37\u2033 de [&hellip;]<\/p>\n","protected":false},"author":1,"featured_media":25373,"template":"","meta":{"_acf_changed":false,"iawp_total_views":26},"product_brand":[],"product_cat":[124,736],"product_tag":[2535,1350],"class_list":{"0":"post-25372","1":"product","2":"type-product","3":"status-publish","4":"has-post-thumbnail","6":"product_cat-furniture","7":"product_cat-recyborg-diy-products","8":"product_tag-etagere","9":"product_tag-racking","10":"product_shipping_class-encombrant","12":"first","13":"instock","14":"taxable","15":"shipping-taxable","16":"purchasable","17":"product-type-simple"},"acf":[],"yoast_head":"<!-- This site is optimized with the Yoast SEO plugin v27.5 - https:\/\/yoast.com\/product\/yoast-seo-wordpress\/ -->\n<title>\u00c9tag\u00e8re - pr\u00e9sentoir \u00e0 tablettes en acier et bois recycl\u00e9 - RECYBORG<\/title>\n<meta name=\"description\" content=\"%\" \/>\n<meta name=\"robots\" content=\"index, follow, max-snippet:-1, max-image-preview:large, max-video-preview:-1\" \/>\n<link rel=\"canonical\" href=\"https:\/\/recyborg.com\/fr\/shop\/mobilier\/presentoire-a-tablette-en-acier-et-bois-recycle\/\" \/>\n<meta property=\"og:locale\" content=\"fr_CA\" \/>\n<meta property=\"og:type\" content=\"article\" \/>\n<meta property=\"og:title\" content=\"\u00c9tag\u00e8re - pr\u00e9sentoir \u00e0 tablettes en acier et bois recycl\u00e9 - RECYBORG\" \/>\n<meta property=\"og:description\" content=\"%\" \/>\n<meta property=\"og:url\" content=\"https:\/\/recyborg.com\/fr\/shop\/mobilier\/presentoire-a-tablette-en-acier-et-bois-recycle\/\" \/>\n<meta property=\"og:site_name\" content=\"RECYBORG\" \/>\n<meta property=\"article:publisher\" content=\"https:\/\/www.facebook.com\/people\/Recyborg\/100057282436718\/\" \/>\n<meta property=\"article:modified_time\" content=\"2024-11-25T23:56:37+00:00\" \/>\n<meta property=\"og:image\" content=\"https:\/\/recyborg-www.nyc3.digitaloceanspaces.com\/wp-content\/uploads\/2021\/11\/11233201\/IMG_8240-1667x2500.jpg\" \/>\n\t<meta property=\"og:image:width\" content=\"1667\" \/>\n\t<meta property=\"og:image:height\" content=\"2500\" \/>\n\t<meta property=\"og:image:type\" content=\"image\/jpeg\" \/>\n<meta name=\"twitter:card\" content=\"summary_large_image\" \/>\n<script type=\"application\/ld+json\" class=\"yoast-schema-graph\">{\"@context\":\"https:\\\/\\\/schema.org\",\"@graph\":[{\"@type\":\"WebPage\",\"@id\":\"https:\\\/\\\/recyborg.com\\\/shop\\\/mobilier\\\/presentoire-a-tablette-en-acier-et-bois-recycle\\\/\",\"url\":\"https:\\\/\\\/recyborg.com\\\/shop\\\/mobilier\\\/presentoire-a-tablette-en-acier-et-bois-recycle\\\/\",\"name\":\"\u00c9tag\u00e8re - pr\u00e9sentoir \u00e0 tablettes en acier et bois recycl\u00e9 - RECYBORG\",\"isPartOf\":{\"@id\":\"https:\\\/\\\/recyborg.com\\\/#website\"},\"primaryImageOfPage\":{\"@id\":\"https:\\\/\\\/recyborg.com\\\/shop\\\/mobilier\\\/presentoire-a-tablette-en-acier-et-bois-recycle\\\/#primaryimage\"},\"image\":{\"@id\":\"https:\\\/\\\/recyborg.com\\\/shop\\\/mobilier\\\/presentoire-a-tablette-en-acier-et-bois-recycle\\\/#primaryimage\"},\"thumbnailUrl\":\"https:\\\/\\\/recyborg-www.nyc3.digitaloceanspaces.com\\\/wp-content\\\/uploads\\\/2021\\\/11\\\/11233201\\\/IMG_8240-1667x2500.jpg\",\"datePublished\":\"2021-11-11T18:05:56+00:00\",\"dateModified\":\"2024-11-25T23:56:37+00:00\",\"description\":\"%\",\"breadcrumb\":{\"@id\":\"https:\\\/\\\/recyborg.com\\\/shop\\\/mobilier\\\/presentoire-a-tablette-en-acier-et-bois-recycle\\\/#breadcrumb\"},\"inLanguage\":\"fr-CA\",\"potentialAction\":[{\"@type\":\"ReadAction\",\"target\":[\"https:\\\/\\\/recyborg.com\\\/shop\\\/mobilier\\\/presentoire-a-tablette-en-acier-et-bois-recycle\\\/\"]}]},{\"@type\":\"ImageObject\",\"inLanguage\":\"fr-CA\",\"@id\":\"https:\\\/\\\/recyborg.com\\\/shop\\\/mobilier\\\/presentoire-a-tablette-en-acier-et-bois-recycle\\\/#primaryimage\",\"url\":\"https:\\\/\\\/recyborg-www.nyc3.digitaloceanspaces.com\\\/wp-content\\\/uploads\\\/2021\\\/11\\\/11233201\\\/IMG_8240-1667x2500.jpg\",\"contentUrl\":\"https:\\\/\\\/recyborg-www.nyc3.digitaloceanspaces.com\\\/wp-content\\\/uploads\\\/2021\\\/11\\\/11233201\\\/IMG_8240-1667x2500.jpg\",\"width\":1667,\"height\":2500},{\"@type\":\"BreadcrumbList\",\"@id\":\"https:\\\/\\\/recyborg.com\\\/shop\\\/mobilier\\\/presentoire-a-tablette-en-acier-et-bois-recycle\\\/#breadcrumb\",\"itemListElement\":[{\"@type\":\"ListItem\",\"position\":1,\"name\":\"Home\",\"item\":\"https:\\\/\\\/recyborg.com\\\/\"},{\"@type\":\"ListItem\",\"position\":2,\"name\":\"Inventory\",\"item\":\"https:\\\/\\\/recyborg.com\\\/inventory\\\/\"},{\"@type\":\"ListItem\",\"position\":3,\"name\":\"\u00c9tag\u00e8re &#8211; pr\u00e9sentoir \u00e0 tablettes en acier et bois recycl\u00e9\"}]},{\"@type\":\"WebSite\",\"@id\":\"https:\\\/\\\/recyborg.com\\\/#website\",\"url\":\"https:\\\/\\\/recyborg.com\\\/\",\"name\":\"RECYBORG\",\"description\":\"Ressourcerie et point de recyclage \u00e0 Montr\u00e9al\",\"publisher\":{\"@id\":\"https:\\\/\\\/recyborg.com\\\/#organization\"},\"potentialAction\":[{\"@type\":\"SearchAction\",\"target\":{\"@type\":\"EntryPoint\",\"urlTemplate\":\"https:\\\/\\\/recyborg.com\\\/?s={search_term_string}\"},\"query-input\":{\"@type\":\"PropertyValueSpecification\",\"valueRequired\":true,\"valueName\":\"search_term_string\"}}],\"inLanguage\":\"fr-CA\"},{\"@type\":\"Organization\",\"@id\":\"https:\\\/\\\/recyborg.com\\\/#organization\",\"name\":\"Coop Recyborg\",\"url\":\"https:\\\/\\\/recyborg.com\\\/\",\"logo\":{\"@type\":\"ImageObject\",\"inLanguage\":\"fr-CA\",\"@id\":\"https:\\\/\\\/recyborg.com\\\/#\\\/schema\\\/logo\\\/image\\\/\",\"url\":\"https:\\\/\\\/recyborg-www.nyc3.digitaloceanspaces.com\\\/wp-content\\\/uploads\\\/2025\\\/08\\\/28161503\\\/Screenshot-from-2025-08-28-16-14-23.png\",\"contentUrl\":\"https:\\\/\\\/recyborg-www.nyc3.digitaloceanspaces.com\\\/wp-content\\\/uploads\\\/2025\\\/08\\\/28161503\\\/Screenshot-from-2025-08-28-16-14-23.png\",\"width\":255,\"height\":41,\"caption\":\"Coop Recyborg\"},\"image\":{\"@id\":\"https:\\\/\\\/recyborg.com\\\/#\\\/schema\\\/logo\\\/image\\\/\"},\"sameAs\":[\"https:\\\/\\\/www.facebook.com\\\/people\\\/Recyborg\\\/100057282436718\\\/\"]}]}<\/script>\n<!-- \/ Yoast SEO plugin. -->","yoast_head_json":{"title":"\u00c9tag\u00e8re - pr\u00e9sentoir \u00e0 tablettes en acier et bois recycl\u00e9 - RECYBORG","description":"%","robots":{"index":"index","follow":"follow","max-snippet":"max-snippet:-1","max-image-preview":"max-image-preview:large","max-video-preview":"max-video-preview:-1"},"canonical":"https:\/\/recyborg.com\/fr\/shop\/mobilier\/presentoire-a-tablette-en-acier-et-bois-recycle\/","og_locale":"fr_CA","og_type":"article","og_title":"\u00c9tag\u00e8re - pr\u00e9sentoir \u00e0 tablettes en acier et bois recycl\u00e9 - RECYBORG","og_description":"%","og_url":"https:\/\/recyborg.com\/fr\/shop\/mobilier\/presentoire-a-tablette-en-acier-et-bois-recycle\/","og_site_name":"RECYBORG","article_publisher":"https:\/\/www.facebook.com\/people\/Recyborg\/100057282436718\/","article_modified_time":"2024-11-25T23:56:37+00:00","og_image":[{"width":1667,"height":2500,"url":"https:\/\/recyborg-www.nyc3.digitaloceanspaces.com\/wp-content\/uploads\/2021\/11\/11233201\/IMG_8240-1667x2500.jpg","type":"image\/jpeg"}],"twitter_card":"summary_large_image","schema":{"@context":"https:\/\/schema.org","@graph":[{"@type":"WebPage","@id":"https:\/\/recyborg.com\/shop\/mobilier\/presentoire-a-tablette-en-acier-et-bois-recycle\/","url":"https:\/\/recyborg.com\/shop\/mobilier\/presentoire-a-tablette-en-acier-et-bois-recycle\/","name":"\u00c9tag\u00e8re - pr\u00e9sentoir \u00e0 tablettes en acier et bois recycl\u00e9 - RECYBORG","isPartOf":{"@id":"https:\/\/recyborg.com\/#website"},"primaryImageOfPage":{"@id":"https:\/\/recyborg.com\/shop\/mobilier\/presentoire-a-tablette-en-acier-et-bois-recycle\/#primaryimage"},"image":{"@id":"https:\/\/recyborg.com\/shop\/mobilier\/presentoire-a-tablette-en-acier-et-bois-recycle\/#primaryimage"},"thumbnailUrl":"https:\/\/recyborg-www.nyc3.digitaloceanspaces.com\/wp-content\/uploads\/2021\/11\/11233201\/IMG_8240-1667x2500.jpg","datePublished":"2021-11-11T18:05:56+00:00","dateModified":"2024-11-25T23:56:37+00:00","description":"%","breadcrumb":{"@id":"https:\/\/recyborg.com\/shop\/mobilier\/presentoire-a-tablette-en-acier-et-bois-recycle\/#breadcrumb"},"inLanguage":"fr-CA","potentialAction":[{"@type":"ReadAction","target":["https:\/\/recyborg.com\/shop\/mobilier\/presentoire-a-tablette-en-acier-et-bois-recycle\/"]}]},{"@type":"ImageObject","inLanguage":"fr-CA","@id":"https:\/\/recyborg.com\/shop\/mobilier\/presentoire-a-tablette-en-acier-et-bois-recycle\/#primaryimage","url":"https:\/\/recyborg-www.nyc3.digitaloceanspaces.com\/wp-content\/uploads\/2021\/11\/11233201\/IMG_8240-1667x2500.jpg","contentUrl":"https:\/\/recyborg-www.nyc3.digitaloceanspaces.com\/wp-content\/uploads\/2021\/11\/11233201\/IMG_8240-1667x2500.jpg","width":1667,"height":2500},{"@type":"BreadcrumbList","@id":"https:\/\/recyborg.com\/shop\/mobilier\/presentoire-a-tablette-en-acier-et-bois-recycle\/#breadcrumb","itemListElement":[{"@type":"ListItem","position":1,"name":"Home","item":"https:\/\/recyborg.com\/"},{"@type":"ListItem","position":2,"name":"Inventory","item":"https:\/\/recyborg.com\/inventory\/"},{"@type":"ListItem","position":3,"name":"\u00c9tag\u00e8re &#8211; pr\u00e9sentoir \u00e0 tablettes en acier et bois recycl\u00e9"}]},{"@type":"WebSite","@id":"https:\/\/recyborg.com\/#website","url":"https:\/\/recyborg.com\/","name":"RECYBORG","description":"Ressourcerie et point de recyclage \u00e0 Montr\u00e9al","publisher":{"@id":"https:\/\/recyborg.com\/#organization"},"potentialAction":[{"@type":"SearchAction","target":{"@type":"EntryPoint","urlTemplate":"https:\/\/recyborg.com\/?s={search_term_string}"},"query-input":{"@type":"PropertyValueSpecification","valueRequired":true,"valueName":"search_term_string"}}],"inLanguage":"fr-CA"},{"@type":"Organization","@id":"https:\/\/recyborg.com\/#organization","name":"Coop Recyborg","url":"https:\/\/recyborg.com\/","logo":{"@type":"ImageObject","inLanguage":"fr-CA","@id":"https:\/\/recyborg.com\/#\/schema\/logo\/image\/","url":"https:\/\/recyborg-www.nyc3.digitaloceanspaces.com\/wp-content\/uploads\/2025\/08\/28161503\/Screenshot-from-2025-08-28-16-14-23.png","contentUrl":"https:\/\/recyborg-www.nyc3.digitaloceanspaces.com\/wp-content\/uploads\/2025\/08\/28161503\/Screenshot-from-2025-08-28-16-14-23.png","width":255,"height":41,"caption":"Coop Recyborg"},"image":{"@id":"https:\/\/recyborg.com\/#\/schema\/logo\/image\/"},"sameAs":["https:\/\/www.facebook.com\/people\/Recyborg\/100057282436718\/"]}]}},"_links":{"self":[{"href":"https:\/\/recyborg.com\/fr\/wp-json\/wp\/v2\/product\/25372","targetHints":{"allow":["GET"]}}],"collection":[{"href":"https:\/\/recyborg.com\/fr\/wp-json\/wp\/v2\/product"}],"about":[{"href":"https:\/\/recyborg.com\/fr\/wp-json\/wp\/v2\/types\/product"}],"author":[{"embeddable":true,"href":"https:\/\/recyborg.com\/fr\/wp-json\/wp\/v2\/users\/1"}],"wp:featuredmedia":[{"embeddable":true,"href":"https:\/\/recyborg.com\/fr\/wp-json\/wp\/v2\/media\/25373"}],"wp:attachment":[{"href":"https:\/\/recyborg.com\/fr\/wp-json\/wp\/v2\/media?parent=25372"}],"wp:term":[{"taxonomy":"product_brand","embeddable":true,"href":"https:\/\/recyborg.com\/fr\/wp-json\/wp\/v2\/product_brand?post=25372"},{"taxonomy":"product_cat","embeddable":true,"href":"https:\/\/recyborg.com\/fr\/wp-json\/wp\/v2\/product_cat?post=25372"},{"taxonomy":"product_tag","embeddable":true,"href":"https:\/\/recyborg.com\/fr\/wp-json\/wp\/v2\/product_tag?post=25372"}],"curies":[{"name":"wp","href":"https:\/\/api.w.org\/{rel}","templated":true}]}}