{"id":55875,"date":"2022-12-13T17:22:07","date_gmt":"2022-12-13T22:22:07","guid":{"rendered":"https:\/\/recyborg.com\/?post_type=product&#038;p=55875"},"modified":"2026-05-05T17:58:15","modified_gmt":"2026-05-05T21:58:15","slug":"chargeur-apple-magsafe-60w-embout-droit","status":"publish","type":"product","link":"https:\/\/recyborg.com\/fr\/shop\/computer-supplies\/replacement-laptop-power-adapter\/chargeur-apple-magsafe-60w-bout-droit\/","title":{"rendered":"Adaptateur secteur Apple MagSafe 1 85W pour MacBook \u2013 Connecteur L coud\u00e9"},"content":{"rendered":"","protected":false},"excerpt":{"rendered":"<p>Test\u00e9 et fonctionnel. Pourrait b\u00e9n\u00e9ficier d'un nettoyage.<\/p>","protected":false},"author":1,"featured_media":64898,"template":"","meta":{"_acf_changed":false,"iawp_total_views":11},"product_brand":[],"product_cat":[1584],"product_tag":[],"class_list":{"0":"post-55875","1":"product","2":"type-product","3":"status-publish","4":"has-post-thumbnail","6":"product_cat-replacement-laptop-power-adapter","8":"first","9":"instock","10":"taxable","11":"shipping-taxable","12":"purchasable","13":"product-type-simple"},"acf":[],"yoast_head":"<!-- This site is optimized with the Yoast SEO plugin v27.6 - https:\/\/yoast.com\/product\/yoast-seo-wordpress\/ -->\n<title>Apple Magsafe 1 85W Macbook Charger Adapter - Right Angle L-Tip - RECYBORG<\/title>\n<meta name=\"description\" content=\"%\" \/>\n<meta name=\"robots\" content=\"index, follow, max-snippet:-1, max-image-preview:large, max-video-preview:-1\" \/>\n<link rel=\"canonical\" href=\"https:\/\/recyborg.com\/fr\/shop\/informatique\/adaptateur-de-courant-de-laptop\/chargeur-apple-magsafe-60w-embout-droit\/\" \/>\n<meta property=\"og:locale\" content=\"fr_CA\" \/>\n<meta property=\"og:type\" content=\"article\" \/>\n<meta property=\"og:title\" content=\"Apple Magsafe 1 85W Macbook Charger Adapter - Right Angle L-Tip - RECYBORG\" \/>\n<meta property=\"og:description\" content=\"%\" \/>\n<meta property=\"og:url\" content=\"https:\/\/recyborg.com\/fr\/shop\/informatique\/adaptateur-de-courant-de-laptop\/chargeur-apple-magsafe-60w-embout-droit\/\" \/>\n<meta property=\"og:site_name\" content=\"RECYBORG\" \/>\n<meta property=\"article:publisher\" content=\"https:\/\/www.facebook.com\/people\/Recyborg\/100057282436718\/\" \/>\n<meta property=\"article:modified_time\" content=\"2026-05-05T21:58:15+00:00\" \/>\n<meta property=\"og:image\" content=\"https:\/\/recyborg-www.nyc3.digitaloceanspaces.com\/wp-content\/uploads\/2022\/12\/11223100\/IMG_3354-2500x1667.jpg\" \/>\n\t<meta property=\"og:image:width\" content=\"2500\" \/>\n\t<meta property=\"og:image:height\" content=\"1667\" \/>\n\t<meta property=\"og:image:type\" content=\"image\/jpeg\" \/>\n<meta name=\"twitter:card\" content=\"summary_large_image\" \/>\n<script type=\"application\/ld+json\" class=\"yoast-schema-graph\">{\"@context\":\"https:\\\/\\\/schema.org\",\"@graph\":[{\"@type\":\"WebPage\",\"@id\":\"https:\\\/\\\/recyborg.com\\\/shop\\\/informatique\\\/adaptateur-de-courant-de-laptop\\\/chargeur-apple-magsafe-60w-bout-droit\\\/\",\"url\":\"https:\\\/\\\/recyborg.com\\\/shop\\\/informatique\\\/adaptateur-de-courant-de-laptop\\\/chargeur-apple-magsafe-60w-bout-droit\\\/\",\"name\":\"Apple Magsafe 1 85W Macbook Charger Adapter - Right Angle L-Tip - RECYBORG\",\"isPartOf\":{\"@id\":\"https:\\\/\\\/recyborg.com\\\/#website\"},\"primaryImageOfPage\":{\"@id\":\"https:\\\/\\\/recyborg.com\\\/shop\\\/informatique\\\/adaptateur-de-courant-de-laptop\\\/chargeur-apple-magsafe-60w-bout-droit\\\/#primaryimage\"},\"image\":{\"@id\":\"https:\\\/\\\/recyborg.com\\\/shop\\\/informatique\\\/adaptateur-de-courant-de-laptop\\\/chargeur-apple-magsafe-60w-bout-droit\\\/#primaryimage\"},\"thumbnailUrl\":\"https:\\\/\\\/recyborg-www.nyc3.digitaloceanspaces.com\\\/wp-content\\\/uploads\\\/2022\\\/12\\\/11223100\\\/IMG_3354-2500x1667.jpg\",\"datePublished\":\"2022-12-13T22:22:07+00:00\",\"dateModified\":\"2026-05-05T21:58:15+00:00\",\"description\":\"%\",\"breadcrumb\":{\"@id\":\"https:\\\/\\\/recyborg.com\\\/shop\\\/informatique\\\/adaptateur-de-courant-de-laptop\\\/chargeur-apple-magsafe-60w-bout-droit\\\/#breadcrumb\"},\"inLanguage\":\"fr-CA\",\"potentialAction\":[{\"@type\":\"ReadAction\",\"target\":[\"https:\\\/\\\/recyborg.com\\\/shop\\\/informatique\\\/adaptateur-de-courant-de-laptop\\\/chargeur-apple-magsafe-60w-bout-droit\\\/\"]}]},{\"@type\":\"ImageObject\",\"inLanguage\":\"fr-CA\",\"@id\":\"https:\\\/\\\/recyborg.com\\\/shop\\\/informatique\\\/adaptateur-de-courant-de-laptop\\\/chargeur-apple-magsafe-60w-bout-droit\\\/#primaryimage\",\"url\":\"https:\\\/\\\/recyborg-www.nyc3.digitaloceanspaces.com\\\/wp-content\\\/uploads\\\/2022\\\/12\\\/11223100\\\/IMG_3354-2500x1667.jpg\",\"contentUrl\":\"https:\\\/\\\/recyborg-www.nyc3.digitaloceanspaces.com\\\/wp-content\\\/uploads\\\/2022\\\/12\\\/11223100\\\/IMG_3354-2500x1667.jpg\",\"width\":2500,\"height\":1667},{\"@type\":\"BreadcrumbList\",\"@id\":\"https:\\\/\\\/recyborg.com\\\/shop\\\/informatique\\\/adaptateur-de-courant-de-laptop\\\/chargeur-apple-magsafe-60w-bout-droit\\\/#breadcrumb\",\"itemListElement\":[{\"@type\":\"ListItem\",\"position\":1,\"name\":\"Home\",\"item\":\"https:\\\/\\\/recyborg.com\\\/\"},{\"@type\":\"ListItem\",\"position\":2,\"name\":\"Inventory\",\"item\":\"https:\\\/\\\/recyborg.com\\\/inventory\\\/\"},{\"@type\":\"ListItem\",\"position\":3,\"name\":\"Apple Magsafe 1 85W Macbook Charger Adapter &#8211; Right Angle L-Tip\"}]},{\"@type\":\"WebSite\",\"@id\":\"https:\\\/\\\/recyborg.com\\\/#website\",\"url\":\"https:\\\/\\\/recyborg.com\\\/\",\"name\":\"RECYBORG\",\"description\":\"Ressourcerie et point de recyclage \u00e0 Montr\u00e9al\",\"publisher\":{\"@id\":\"https:\\\/\\\/recyborg.com\\\/#organization\"},\"potentialAction\":[{\"@type\":\"SearchAction\",\"target\":{\"@type\":\"EntryPoint\",\"urlTemplate\":\"https:\\\/\\\/recyborg.com\\\/?s={search_term_string}\"},\"query-input\":{\"@type\":\"PropertyValueSpecification\",\"valueRequired\":true,\"valueName\":\"search_term_string\"}}],\"inLanguage\":\"fr-CA\"},{\"@type\":\"Organization\",\"@id\":\"https:\\\/\\\/recyborg.com\\\/#organization\",\"name\":\"Coop Recyborg\",\"url\":\"https:\\\/\\\/recyborg.com\\\/\",\"logo\":{\"@type\":\"ImageObject\",\"inLanguage\":\"fr-CA\",\"@id\":\"https:\\\/\\\/recyborg.com\\\/#\\\/schema\\\/logo\\\/image\\\/\",\"url\":\"https:\\\/\\\/recyborg-www.nyc3.digitaloceanspaces.com\\\/wp-content\\\/uploads\\\/2025\\\/08\\\/28161503\\\/Screenshot-from-2025-08-28-16-14-23.png\",\"contentUrl\":\"https:\\\/\\\/recyborg-www.nyc3.digitaloceanspaces.com\\\/wp-content\\\/uploads\\\/2025\\\/08\\\/28161503\\\/Screenshot-from-2025-08-28-16-14-23.png\",\"width\":255,\"height\":41,\"caption\":\"Coop Recyborg\"},\"image\":{\"@id\":\"https:\\\/\\\/recyborg.com\\\/#\\\/schema\\\/logo\\\/image\\\/\"},\"sameAs\":[\"https:\\\/\\\/www.facebook.com\\\/people\\\/Recyborg\\\/100057282436718\\\/\"]}]}<\/script>\n<!-- \/ Yoast SEO plugin. -->","yoast_head_json":{"title":"Adaptateur secteur Apple MagSafe 1 85W pour MacBook - Embout L \u00e0 angle droit - RECYBORG","description":"%","robots":{"index":"index","follow":"follow","max-snippet":"max-snippet:-1","max-image-preview":"max-image-preview:large","max-video-preview":"max-video-preview:-1"},"canonical":"https:\/\/recyborg.com\/fr\/shop\/informatique\/adaptateur-de-courant-de-laptop\/chargeur-apple-magsafe-60w-embout-droit\/","og_locale":"fr_CA","og_type":"article","og_title":"Apple Magsafe 1 85W Macbook Charger Adapter - Right Angle L-Tip - RECYBORG","og_description":"%","og_url":"https:\/\/recyborg.com\/fr\/shop\/informatique\/adaptateur-de-courant-de-laptop\/chargeur-apple-magsafe-60w-embout-droit\/","og_site_name":"RECYBORG","article_publisher":"https:\/\/www.facebook.com\/people\/Recyborg\/100057282436718\/","article_modified_time":"2026-05-05T21:58:15+00:00","og_image":[{"width":2500,"height":1667,"url":"https:\/\/recyborg-www.nyc3.digitaloceanspaces.com\/wp-content\/uploads\/2022\/12\/11223100\/IMG_3354-2500x1667.jpg","type":"image\/jpeg"}],"twitter_card":"summary_large_image","schema":{"@context":"https:\/\/schema.org","@graph":[{"@type":"WebPage","@id":"https:\/\/recyborg.com\/shop\/informatique\/adaptateur-de-courant-de-laptop\/chargeur-apple-magsafe-60w-bout-droit\/","url":"https:\/\/recyborg.com\/shop\/informatique\/adaptateur-de-courant-de-laptop\/chargeur-apple-magsafe-60w-bout-droit\/","name":"Adaptateur secteur Apple MagSafe 1 85W pour MacBook - Embout L \u00e0 angle droit - RECYBORG","isPartOf":{"@id":"https:\/\/recyborg.com\/#website"},"primaryImageOfPage":{"@id":"https:\/\/recyborg.com\/shop\/informatique\/adaptateur-de-courant-de-laptop\/chargeur-apple-magsafe-60w-bout-droit\/#primaryimage"},"image":{"@id":"https:\/\/recyborg.com\/shop\/informatique\/adaptateur-de-courant-de-laptop\/chargeur-apple-magsafe-60w-bout-droit\/#primaryimage"},"thumbnailUrl":"https:\/\/recyborg-www.nyc3.digitaloceanspaces.com\/wp-content\/uploads\/2022\/12\/11223100\/IMG_3354-2500x1667.jpg","datePublished":"2022-12-13T22:22:07+00:00","dateModified":"2026-05-05T21:58:15+00:00","description":"%","breadcrumb":{"@id":"https:\/\/recyborg.com\/shop\/informatique\/adaptateur-de-courant-de-laptop\/chargeur-apple-magsafe-60w-bout-droit\/#breadcrumb"},"inLanguage":"fr-CA","potentialAction":[{"@type":"ReadAction","target":["https:\/\/recyborg.com\/shop\/informatique\/adaptateur-de-courant-de-laptop\/chargeur-apple-magsafe-60w-bout-droit\/"]}]},{"@type":"ImageObject","inLanguage":"fr-CA","@id":"https:\/\/recyborg.com\/shop\/informatique\/adaptateur-de-courant-de-laptop\/chargeur-apple-magsafe-60w-bout-droit\/#primaryimage","url":"https:\/\/recyborg-www.nyc3.digitaloceanspaces.com\/wp-content\/uploads\/2022\/12\/11223100\/IMG_3354-2500x1667.jpg","contentUrl":"https:\/\/recyborg-www.nyc3.digitaloceanspaces.com\/wp-content\/uploads\/2022\/12\/11223100\/IMG_3354-2500x1667.jpg","width":2500,"height":1667},{"@type":"BreadcrumbList","@id":"https:\/\/recyborg.com\/shop\/informatique\/adaptateur-de-courant-de-laptop\/chargeur-apple-magsafe-60w-bout-droit\/#breadcrumb","itemListElement":[{"@type":"ListItem","position":1,"name":"Home","item":"https:\/\/recyborg.com\/"},{"@type":"ListItem","position":2,"name":"Inventory","item":"https:\/\/recyborg.com\/inventory\/"},{"@type":"ListItem","position":3,"name":"Apple Magsafe 1 85W Macbook Charger Adapter &#8211; Right Angle L-Tip"}]},{"@type":"WebSite","@id":"https:\/\/recyborg.com\/#website","url":"https:\/\/recyborg.com\/","name":"RECYBORG","description":"Ressourcerie et point de recyclage \u00e0 Montr\u00e9al","publisher":{"@id":"https:\/\/recyborg.com\/#organization"},"potentialAction":[{"@type":"SearchAction","target":{"@type":"EntryPoint","urlTemplate":"https:\/\/recyborg.com\/?s={search_term_string}"},"query-input":{"@type":"PropertyValueSpecification","valueRequired":true,"valueName":"search_term_string"}}],"inLanguage":"fr-CA"},{"@type":"Organization","@id":"https:\/\/recyborg.com\/#organization","name":"Coop Recyborg","url":"https:\/\/recyborg.com\/","logo":{"@type":"ImageObject","inLanguage":"fr-CA","@id":"https:\/\/recyborg.com\/#\/schema\/logo\/image\/","url":"https:\/\/recyborg-www.nyc3.digitaloceanspaces.com\/wp-content\/uploads\/2025\/08\/28161503\/Screenshot-from-2025-08-28-16-14-23.png","contentUrl":"https:\/\/recyborg-www.nyc3.digitaloceanspaces.com\/wp-content\/uploads\/2025\/08\/28161503\/Screenshot-from-2025-08-28-16-14-23.png","width":255,"height":41,"caption":"Coop Recyborg"},"image":{"@id":"https:\/\/recyborg.com\/#\/schema\/logo\/image\/"},"sameAs":["https:\/\/www.facebook.com\/people\/Recyborg\/100057282436718\/"]}]}},"_links":{"self":[{"href":"https:\/\/recyborg.com\/fr\/wp-json\/wp\/v2\/product\/55875","targetHints":{"allow":["GET"]}}],"collection":[{"href":"https:\/\/recyborg.com\/fr\/wp-json\/wp\/v2\/product"}],"about":[{"href":"https:\/\/recyborg.com\/fr\/wp-json\/wp\/v2\/types\/product"}],"author":[{"embeddable":true,"href":"https:\/\/recyborg.com\/fr\/wp-json\/wp\/v2\/users\/1"}],"wp:featuredmedia":[{"embeddable":true,"href":"https:\/\/recyborg.com\/fr\/wp-json\/wp\/v2\/media\/64898"}],"wp:attachment":[{"href":"https:\/\/recyborg.com\/fr\/wp-json\/wp\/v2\/media?parent=55875"}],"wp:term":[{"taxonomy":"product_brand","embeddable":true,"href":"https:\/\/recyborg.com\/fr\/wp-json\/wp\/v2\/product_brand?post=55875"},{"taxonomy":"product_cat","embeddable":true,"href":"https:\/\/recyborg.com\/fr\/wp-json\/wp\/v2\/product_cat?post=55875"},{"taxonomy":"product_tag","embeddable":true,"href":"https:\/\/recyborg.com\/fr\/wp-json\/wp\/v2\/product_tag?post=55875"}],"curies":[{"name":"wp","href":"https:\/\/api.w.org\/{rel}","templated":true}]}}