{"id":73706,"date":"2023-05-19T16:52:03","date_gmt":"2023-05-19T20:52:03","guid":{"rendered":"https:\/\/recyborg.com\/?post_type=product&#038;p=73706"},"modified":"2024-11-25T18:32:16","modified_gmt":"2024-11-25T23:32:16","slug":"pieces-dune-petite-lampe-de-machine-a-coudre-singer","status":"publish","type":"product","link":"https:\/\/recyborg.com\/fr\/shop\/other\/pieces-dune-petite-lampe-de-machine-a-coudre-singer\/","title":{"rendered":"Pi\u00e8ces de petites lampes pour machine \u00e0 coudre SINGER"},"content":{"rendered":"<p>RECYBORG est une coop\u00e9rative dont la mission est de d\u00e9tourner des rebuts des sites d\u2019enfouissement et de la ferraille en privil\u00e9giant le r\u00e9emploi local. <\/p>\n<p>Nous n'avons pas test\u00e9 la lumi\u00e8re et nous ne savons pas si elle est compl\u00e8te.<\/p>","protected":false},"excerpt":{"rendered":"<p>RECYBORG est une coop\u00e9rative dont la mission est de d\u00e9tourner des rebuts des sites d\u2019enfouissement et de la ferraille en privil\u00e9giant le r\u00e9emploi local. Nous n\u2019avons pas test\u00e9 la lumi\u00e8re et ne savons pas si elle est compl\u00e8te.<\/p>","protected":false},"author":1,"featured_media":73655,"template":"","meta":{"_acf_changed":false,"iawp_total_views":1},"product_brand":[],"product_cat":[15],"product_tag":[],"class_list":{"0":"post-73706","1":"product","2":"type-product","3":"status-publish","4":"has-post-thumbnail","6":"product_cat-other","8":"first","9":"outofstock","10":"taxable","11":"shipping-taxable","12":"purchasable","13":"product-type-simple"},"acf":[],"yoast_head":"<!-- This site is optimized with the Yoast SEO plugin v27.6 - https:\/\/yoast.com\/product\/yoast-seo-wordpress\/ -->\n<title>Pi\u00e8ces d&#039;une petite lampe de machine \u00e0 coudre SINGER - RECYBORG<\/title>\n<meta name=\"description\" content=\"%\" \/>\n<meta name=\"robots\" content=\"index, follow, max-snippet:-1, max-image-preview:large, max-video-preview:-1\" \/>\n<link rel=\"canonical\" href=\"https:\/\/recyborg.com\/fr\/shop\/autre\/pieces-dune-petite-lampe-de-machine-a-coudre-singer\/\" \/>\n<meta property=\"og:locale\" content=\"fr_CA\" \/>\n<meta property=\"og:type\" content=\"article\" \/>\n<meta property=\"og:title\" content=\"Pi\u00e8ces d&#039;une petite lampe de machine \u00e0 coudre SINGER - RECYBORG\" \/>\n<meta property=\"og:description\" content=\"%\" \/>\n<meta property=\"og:url\" content=\"https:\/\/recyborg.com\/fr\/shop\/autre\/pieces-dune-petite-lampe-de-machine-a-coudre-singer\/\" \/>\n<meta property=\"og:site_name\" content=\"RECYBORG\" \/>\n<meta property=\"article:publisher\" content=\"https:\/\/www.facebook.com\/people\/Recyborg\/100057282436718\/\" \/>\n<meta property=\"article:modified_time\" content=\"2024-11-25T23:32:16+00:00\" \/>\n<meta property=\"og:image\" content=\"https:\/\/recyborg-www.nyc3.digitaloceanspaces.com\/wp-content\/uploads\/2023\/05\/19160820\/IMG_4439-2500x1667.jpg\" \/>\n\t<meta property=\"og:image:width\" content=\"2500\" \/>\n\t<meta property=\"og:image:height\" content=\"1667\" \/>\n\t<meta property=\"og:image:type\" content=\"image\/jpeg\" \/>\n<meta name=\"twitter:card\" content=\"summary_large_image\" \/>\n<script type=\"application\/ld+json\" class=\"yoast-schema-graph\">{\"@context\":\"https:\\\/\\\/schema.org\",\"@graph\":[{\"@type\":\"WebPage\",\"@id\":\"https:\\\/\\\/recyborg.com\\\/shop\\\/autre\\\/pieces-dune-petite-lampe-de-machine-a-coudre-singer\\\/\",\"url\":\"https:\\\/\\\/recyborg.com\\\/shop\\\/autre\\\/pieces-dune-petite-lampe-de-machine-a-coudre-singer\\\/\",\"name\":\"Pi\u00e8ces d'une petite lampe de machine \u00e0 coudre SINGER - RECYBORG\",\"isPartOf\":{\"@id\":\"https:\\\/\\\/recyborg.com\\\/#website\"},\"primaryImageOfPage\":{\"@id\":\"https:\\\/\\\/recyborg.com\\\/shop\\\/autre\\\/pieces-dune-petite-lampe-de-machine-a-coudre-singer\\\/#primaryimage\"},\"image\":{\"@id\":\"https:\\\/\\\/recyborg.com\\\/shop\\\/autre\\\/pieces-dune-petite-lampe-de-machine-a-coudre-singer\\\/#primaryimage\"},\"thumbnailUrl\":\"https:\\\/\\\/recyborg-www.nyc3.digitaloceanspaces.com\\\/wp-content\\\/uploads\\\/2023\\\/05\\\/19160820\\\/IMG_4439-2500x1667.jpg\",\"datePublished\":\"2023-05-19T20:52:03+00:00\",\"dateModified\":\"2024-11-25T23:32:16+00:00\",\"description\":\"%\",\"breadcrumb\":{\"@id\":\"https:\\\/\\\/recyborg.com\\\/shop\\\/autre\\\/pieces-dune-petite-lampe-de-machine-a-coudre-singer\\\/#breadcrumb\"},\"inLanguage\":\"fr-CA\",\"potentialAction\":[{\"@type\":\"ReadAction\",\"target\":[\"https:\\\/\\\/recyborg.com\\\/shop\\\/autre\\\/pieces-dune-petite-lampe-de-machine-a-coudre-singer\\\/\"]}]},{\"@type\":\"ImageObject\",\"inLanguage\":\"fr-CA\",\"@id\":\"https:\\\/\\\/recyborg.com\\\/shop\\\/autre\\\/pieces-dune-petite-lampe-de-machine-a-coudre-singer\\\/#primaryimage\",\"url\":\"https:\\\/\\\/recyborg-www.nyc3.digitaloceanspaces.com\\\/wp-content\\\/uploads\\\/2023\\\/05\\\/19160820\\\/IMG_4439-2500x1667.jpg\",\"contentUrl\":\"https:\\\/\\\/recyborg-www.nyc3.digitaloceanspaces.com\\\/wp-content\\\/uploads\\\/2023\\\/05\\\/19160820\\\/IMG_4439-2500x1667.jpg\",\"width\":2500,\"height\":1667},{\"@type\":\"BreadcrumbList\",\"@id\":\"https:\\\/\\\/recyborg.com\\\/shop\\\/autre\\\/pieces-dune-petite-lampe-de-machine-a-coudre-singer\\\/#breadcrumb\",\"itemListElement\":[{\"@type\":\"ListItem\",\"position\":1,\"name\":\"Home\",\"item\":\"https:\\\/\\\/recyborg.com\\\/\"},{\"@type\":\"ListItem\",\"position\":2,\"name\":\"Inventory\",\"item\":\"https:\\\/\\\/recyborg.com\\\/inventory\\\/\"},{\"@type\":\"ListItem\",\"position\":3,\"name\":\"Pi\u00e8ces d&#8217;une petite lampe de machine \u00e0 coudre SINGER\"}]},{\"@type\":\"WebSite\",\"@id\":\"https:\\\/\\\/recyborg.com\\\/#website\",\"url\":\"https:\\\/\\\/recyborg.com\\\/\",\"name\":\"RECYBORG\",\"description\":\"Ressourcerie et point de recyclage \u00e0 Montr\u00e9al\",\"publisher\":{\"@id\":\"https:\\\/\\\/recyborg.com\\\/#organization\"},\"potentialAction\":[{\"@type\":\"SearchAction\",\"target\":{\"@type\":\"EntryPoint\",\"urlTemplate\":\"https:\\\/\\\/recyborg.com\\\/?s={search_term_string}\"},\"query-input\":{\"@type\":\"PropertyValueSpecification\",\"valueRequired\":true,\"valueName\":\"search_term_string\"}}],\"inLanguage\":\"fr-CA\"},{\"@type\":\"Organization\",\"@id\":\"https:\\\/\\\/recyborg.com\\\/#organization\",\"name\":\"Coop Recyborg\",\"url\":\"https:\\\/\\\/recyborg.com\\\/\",\"logo\":{\"@type\":\"ImageObject\",\"inLanguage\":\"fr-CA\",\"@id\":\"https:\\\/\\\/recyborg.com\\\/#\\\/schema\\\/logo\\\/image\\\/\",\"url\":\"https:\\\/\\\/recyborg-www.nyc3.digitaloceanspaces.com\\\/wp-content\\\/uploads\\\/2025\\\/08\\\/28161503\\\/Screenshot-from-2025-08-28-16-14-23.png\",\"contentUrl\":\"https:\\\/\\\/recyborg-www.nyc3.digitaloceanspaces.com\\\/wp-content\\\/uploads\\\/2025\\\/08\\\/28161503\\\/Screenshot-from-2025-08-28-16-14-23.png\",\"width\":255,\"height\":41,\"caption\":\"Coop Recyborg\"},\"image\":{\"@id\":\"https:\\\/\\\/recyborg.com\\\/#\\\/schema\\\/logo\\\/image\\\/\"},\"sameAs\":[\"https:\\\/\\\/www.facebook.com\\\/people\\\/Recyborg\\\/100057282436718\\\/\"]}]}<\/script>\n<!-- \/ Yoast SEO plugin. -->","yoast_head_json":{"title":"Pi\u00e8ces d'une petite lampe de machine \u00e0 coudre SINGER - RECYBORG","description":"%","robots":{"index":"index","follow":"follow","max-snippet":"max-snippet:-1","max-image-preview":"max-image-preview:large","max-video-preview":"max-video-preview:-1"},"canonical":"https:\/\/recyborg.com\/fr\/shop\/autre\/pieces-dune-petite-lampe-de-machine-a-coudre-singer\/","og_locale":"fr_CA","og_type":"article","og_title":"Pi\u00e8ces d'une petite lampe de machine \u00e0 coudre SINGER - RECYBORG","og_description":"%","og_url":"https:\/\/recyborg.com\/fr\/shop\/autre\/pieces-dune-petite-lampe-de-machine-a-coudre-singer\/","og_site_name":"RECYBORG","article_publisher":"https:\/\/www.facebook.com\/people\/Recyborg\/100057282436718\/","article_modified_time":"2024-11-25T23:32:16+00:00","og_image":[{"width":2500,"height":1667,"url":"https:\/\/recyborg-www.nyc3.digitaloceanspaces.com\/wp-content\/uploads\/2023\/05\/19160820\/IMG_4439-2500x1667.jpg","type":"image\/jpeg"}],"twitter_card":"summary_large_image","schema":{"@context":"https:\/\/schema.org","@graph":[{"@type":"WebPage","@id":"https:\/\/recyborg.com\/shop\/autre\/pieces-dune-petite-lampe-de-machine-a-coudre-singer\/","url":"https:\/\/recyborg.com\/shop\/autre\/pieces-dune-petite-lampe-de-machine-a-coudre-singer\/","name":"Pi\u00e8ces d'une petite lampe de machine \u00e0 coudre SINGER - RECYBORG","isPartOf":{"@id":"https:\/\/recyborg.com\/#website"},"primaryImageOfPage":{"@id":"https:\/\/recyborg.com\/shop\/autre\/pieces-dune-petite-lampe-de-machine-a-coudre-singer\/#primaryimage"},"image":{"@id":"https:\/\/recyborg.com\/shop\/autre\/pieces-dune-petite-lampe-de-machine-a-coudre-singer\/#primaryimage"},"thumbnailUrl":"https:\/\/recyborg-www.nyc3.digitaloceanspaces.com\/wp-content\/uploads\/2023\/05\/19160820\/IMG_4439-2500x1667.jpg","datePublished":"2023-05-19T20:52:03+00:00","dateModified":"2024-11-25T23:32:16+00:00","description":"%","breadcrumb":{"@id":"https:\/\/recyborg.com\/shop\/autre\/pieces-dune-petite-lampe-de-machine-a-coudre-singer\/#breadcrumb"},"inLanguage":"fr-CA","potentialAction":[{"@type":"ReadAction","target":["https:\/\/recyborg.com\/shop\/autre\/pieces-dune-petite-lampe-de-machine-a-coudre-singer\/"]}]},{"@type":"ImageObject","inLanguage":"fr-CA","@id":"https:\/\/recyborg.com\/shop\/autre\/pieces-dune-petite-lampe-de-machine-a-coudre-singer\/#primaryimage","url":"https:\/\/recyborg-www.nyc3.digitaloceanspaces.com\/wp-content\/uploads\/2023\/05\/19160820\/IMG_4439-2500x1667.jpg","contentUrl":"https:\/\/recyborg-www.nyc3.digitaloceanspaces.com\/wp-content\/uploads\/2023\/05\/19160820\/IMG_4439-2500x1667.jpg","width":2500,"height":1667},{"@type":"BreadcrumbList","@id":"https:\/\/recyborg.com\/shop\/autre\/pieces-dune-petite-lampe-de-machine-a-coudre-singer\/#breadcrumb","itemListElement":[{"@type":"ListItem","position":1,"name":"Home","item":"https:\/\/recyborg.com\/"},{"@type":"ListItem","position":2,"name":"Inventory","item":"https:\/\/recyborg.com\/inventory\/"},{"@type":"ListItem","position":3,"name":"Pi\u00e8ces d&#8217;une petite lampe de machine \u00e0 coudre SINGER"}]},{"@type":"WebSite","@id":"https:\/\/recyborg.com\/#website","url":"https:\/\/recyborg.com\/","name":"RECYBORG","description":"Ressourcerie et point de recyclage \u00e0 Montr\u00e9al","publisher":{"@id":"https:\/\/recyborg.com\/#organization"},"potentialAction":[{"@type":"SearchAction","target":{"@type":"EntryPoint","urlTemplate":"https:\/\/recyborg.com\/?s={search_term_string}"},"query-input":{"@type":"PropertyValueSpecification","valueRequired":true,"valueName":"search_term_string"}}],"inLanguage":"fr-CA"},{"@type":"Organization","@id":"https:\/\/recyborg.com\/#organization","name":"Coop Recyborg","url":"https:\/\/recyborg.com\/","logo":{"@type":"ImageObject","inLanguage":"fr-CA","@id":"https:\/\/recyborg.com\/#\/schema\/logo\/image\/","url":"https:\/\/recyborg-www.nyc3.digitaloceanspaces.com\/wp-content\/uploads\/2025\/08\/28161503\/Screenshot-from-2025-08-28-16-14-23.png","contentUrl":"https:\/\/recyborg-www.nyc3.digitaloceanspaces.com\/wp-content\/uploads\/2025\/08\/28161503\/Screenshot-from-2025-08-28-16-14-23.png","width":255,"height":41,"caption":"Coop Recyborg"},"image":{"@id":"https:\/\/recyborg.com\/#\/schema\/logo\/image\/"},"sameAs":["https:\/\/www.facebook.com\/people\/Recyborg\/100057282436718\/"]}]}},"_links":{"self":[{"href":"https:\/\/recyborg.com\/fr\/wp-json\/wp\/v2\/product\/73706","targetHints":{"allow":["GET"]}}],"collection":[{"href":"https:\/\/recyborg.com\/fr\/wp-json\/wp\/v2\/product"}],"about":[{"href":"https:\/\/recyborg.com\/fr\/wp-json\/wp\/v2\/types\/product"}],"author":[{"embeddable":true,"href":"https:\/\/recyborg.com\/fr\/wp-json\/wp\/v2\/users\/1"}],"wp:featuredmedia":[{"embeddable":true,"href":"https:\/\/recyborg.com\/fr\/wp-json\/wp\/v2\/media\/73655"}],"wp:attachment":[{"href":"https:\/\/recyborg.com\/fr\/wp-json\/wp\/v2\/media?parent=73706"}],"wp:term":[{"taxonomy":"product_brand","embeddable":true,"href":"https:\/\/recyborg.com\/fr\/wp-json\/wp\/v2\/product_brand?post=73706"},{"taxonomy":"product_cat","embeddable":true,"href":"https:\/\/recyborg.com\/fr\/wp-json\/wp\/v2\/product_cat?post=73706"},{"taxonomy":"product_tag","embeddable":true,"href":"https:\/\/recyborg.com\/fr\/wp-json\/wp\/v2\/product_tag?post=73706"}],"curies":[{"name":"wp","href":"https:\/\/api.w.org\/{rel}","templated":true}]}}